{"id":4947,"date":"2013-06-28T01:17:29","date_gmt":"2013-06-28T01:17:29","guid":{"rendered":"http:\/\/southbeachlanguages.com\/?page_id=4947"},"modified":"2024-09-24T15:55:40","modified_gmt":"2024-09-24T19:55:40","slug":"aplicar-desde-su-pais","status":"publish","type":"page","link":"https:\/\/sbl.edu\/es\/aplicar-desde-su-pais\/","title":{"rendered":"APLICAR DESDE SU PA\u00cdS"},"content":{"rendered":"<p><div class=\"fusion-fullwidth fullwidth-box fusion-builder-row-1 hundred-percent-fullwidth non-hundred-percent-height-scrolling\" style=\"--awb-background-position:left top;--awb-border-sizes-top:0px;--awb-border-sizes-bottom:0px;--awb-border-sizes-left:0px;--awb-border-sizes-right:0px;--awb-border-radius-top-left:0px;--awb-border-radius-top-right:0px;--awb-border-radius-bottom-right:0px;--awb-border-radius-bottom-left:0px;--awb-padding-top:20px;--awb-padding-right:0px;--awb-padding-bottom:20px;--awb-padding-left:30px;--awb-flex-wrap:wrap;\" ><div class=\"fusion-builder-row fusion-row\"><div class=\"fusion-layout-column fusion_builder_column fusion-builder-column-0 fusion_builder_column_2_3 2_3 fusion-two-third fusion-column-first\" style=\"--awb-bg-size:cover;width:65.3333%; margin-right: 4%;\"><div class=\"fusion-column-wrapper fusion-flex-column-wrapper-legacy\"><div class=\"fusion-title title fusion-title-1 fusion-title-text fusion-title-size-two\"><h2 class=\"fusion-title-heading title-heading-left fusion-responsive-typography-calculated\" style=\"margin:0;--fontSize:36;line-height:1;\">PROCESO PARA VISA F1<\/h2><span class=\"awb-title-spacer\"><\/span><div class=\"title-sep-container\"><div class=\"title-sep sep-single sep-solid\" style=\"border-color:#e0dede;\"><\/div><\/div><\/div><div class=\"fusion-text fusion-text-1\"><p><strong>PROCESO PARA VISA F1: APLICANTES POR PRIMERA VEZ<\/strong><\/p>\n<p>SBL acepta estudiantes que desean aplicar a la visa estudiantil F1 desde su pa\u00eds de residencia, que cumplen con los requisitos necesarios para este proceso.<\/p>\n<p><strong>Paso 1: <\/strong>Env\u00eda tus documentos<br \/>\nEnv\u00eda a info@southbeachlanguages.com los siguientes documentos:<\/p>\n<ul>\n<li><a href=\"https:\/\/sbl.edu\/international-student-application-form\/\"><strong>Formulario de aplicaci\u00f3n<\/strong><\/a><\/li>\n<li><strong>Copia del pasaporte<\/strong><\/li>\n<li><strong>Carta del banco<\/strong> o extracto bancario reciente demostrando solvencia econ\u00f3mica.<br \/>\nSi los fondos provienen de un tercero, es decir de un patrocinador, es necesario que esta persona diligencie el formato <em>\u2019<a href=\"https:\/\/southbeachlanguages.com\/es\/cambio-de-estatus\/affidavit-support-form-2\/\" rel=\"attachment wp-att-19675\">Affidavit Support Form<\/a><\/em>\u2019<em>. <\/em>Adem\u00e1s, debe adjuntar copia del pasaporte o documento de identificaci\u00f3n con foto.<br \/>\n<strong>Nota:<\/strong> Por cada mes de estudio, es necesario demostrar USD 1,200. Por ejemplo, para estudiar 6 meses, se debe contar con USD 7,200.<\/li>\n<\/ul>\n<p><strong>Paso 2:<\/strong> Realiza el pago<br \/>\nUna vez SBL revise tus documentos, los cuales deben estar completos y correctos, recibir\u00e1s una confirmaci\u00f3n para realizar el pago.<\/p>\n<p><strong>Paso 3:<\/strong> Recibe tu I-20<br \/>\nSBL emite el formato I-20, aproximadamente, entre 3 y 4 d\u00edas laborales despu\u00e9s de aprobar todos los documentos y recibir el pago.<\/p>\n<p><strong>Paso 4:<\/strong> Paga la tarifa SEVIS y solicita cita en la Embajada<\/p>\n<ul>\n<li>Paga la tarifa SEVIS (USD 350) al Gobierno de EE. UU., ingresando a <a href=\"http:\/\/www.fmjfee.com\/\">fmjfee.com<\/a>.<br \/>\nRecuerda imprimir el recibo del pago, pues debes presentarlo en la cita con la Embajada de EE. UU y en el aeropuerto el d\u00eda de tu viaje.<\/li>\n<li>Solicita tu cita en la Embajada de EE. UU en tu pa\u00eds de origen, ingresando a <a href=\"http:\/\/www.usembassy.gov.co\/\">usembassy.gov.co<\/a>.<br \/>\nPara ello, debes contar con tu I-20 y el recibo del pago del SEVIS.<br \/>\nNota: Recuerda que estos documentos deben ser presentados el d\u00eda de la cita con la Embajada.<\/li>\n<\/ul>\n<p><strong>Paso 5:<\/strong> Planea tu viaje a EE. UU.<br \/>\nUna vez obtengas la aprobaci\u00f3n de tu visa, puedes planear tu viaje:<\/p>\n<ul>\n<li>Cont\u00e1ctate con nuestro funcionario escolar para informar sobre tu aprobaci\u00f3n.<\/li>\n<li>Ten en cuenta que puedes ingresar a EE. UU, hasta 30 d\u00edas antes del inicio de clases.<\/li>\n<li>El d\u00eda de tu viaje, aseg\u00farate de traer tu I-20, tu pasaporte con la estampa de tu visa F1, el recibo del pago del SEVIS y tu documentaci\u00f3n financiera. No los empaques en tu maleta de carga, pues los vas a necesitar cuando est\u00e9s en el \u00e1rea de Migraci\u00f3n de EE. UU.<\/li>\n<li>Te pondr\u00e1n un sello en el pasaporte con la fecha de entrada y el estatus F1 con el que est\u00e1s ingresando al pa\u00eds. Guarda estos documentos en un sitio seguro ya que los vas a necesitar en el futuro.<\/li>\n<li>Por favor obtenga su proprio alojamiento, seguro medico y transporte<\/li>\n<\/ul>\n<p><strong>Paso 6:<\/strong> Tu primer d\u00eda de clases<\/p>\n<ul>\n<li>Pres\u00e9ntate en la escuela 60 minutos antes del inicio de clases. Recuerda llevar tu I-20 y pasaporte. Adem\u00e1s, debes proporcionarnos tu nueva direcci\u00f3n y n\u00famero telef\u00f3nico de EE.UU.<\/li>\n<li>Con el fin de determinar tu nivel de ingl\u00e9s, deber\u00e1s presentar tu examen de nivelaci\u00f3n antes del primer d\u00eda de clases.<\/li>\n<li>Elige la opci\u00f3n de pago de tu matr\u00edcula: Opci\u00f3n 1: Con descuento, USD 1350 trimestralmente. Opci\u00f3n 2: USD 499 mensuales.<\/li>\n<\/ul>\n<\/div><div class=\"fusion-clearfix\"><\/div><\/div><\/div><\/div><\/div><div class=\"fusion-fullwidth fullwidth-box fusion-builder-row-2 hundred-percent-fullwidth non-hundred-percent-height-scrolling\" style=\"--awb-border-radius-top-left:0px;--awb-border-radius-top-right:0px;--awb-border-radius-bottom-right:0px;--awb-border-radius-bottom-left:0px;--awb-overflow:visible;--awb-padding-right:30px;--awb-padding-left:30px;--awb-flex-wrap:wrap;\" ><div class=\"fusion-builder-row fusion-row\"><div class=\"fusion-layout-column fusion_builder_column fusion-builder-column-1 fusion_builder_column_1_1 1_1 fusion-one-full fusion-column-first fusion-column-last fusion-column-no-min-height\" style=\"--awb-bg-size:cover;--awb-margin-bottom:0px;\"><div class=\"fusion-column-wrapper fusion-flex-column-wrapper-legacy\"><div class=\"fusion-text fusion-text-2\"><div class=\"fusion-fullwidth fullwidth-box fusion-builder-row-2-1 fusion-parallax-none nonhundred-percent-fullwidth non-hundred-percent-height-scrolling\" style=\"--awb-background-position:center bottom;--awb-border-sizes-top:0px;--awb-border-sizes-bottom:0px;--awb-border-sizes-left:0px;--awb-border-sizes-right:0px;--awb-border-radius-top-left:0px;--awb-border-radius-top-right:0px;--awb-border-radius-bottom-right:0px;--awb-border-radius-bottom-left:0px;--awb-padding-top:90px;--awb-padding-bottom:90px;--awb-background-color:#e2e2e2;--awb-background-image:url(&quot;http:\/\/southbeachlanguages.com\/wp-content\/uploads\/2012\/07\/CTA-Background.jpg&quot;);--awb-background-size:cover;--awb-flex-wrap:wrap;\" ><div class=\"fusion-builder-row fusion-row\"><div class=\"fusion-layout-column fusion_builder_column fusion-builder-column-2 fusion_builder_column_1_2 1_2 fusion-one-half fusion-column-first fusion-column-inner-bg-wrapper\" style=\"--awb-inner-bg-size:cover;width:48%; margin-right: 4%;\"><span class=\"fusion-column-inner-bg hover-type-none\"><a class=\"fusion-column-anchor\" href=\"http:\/\/southbeachlanguages.com\/contact-us\/\"><span class=\"fusion-column-inner-bg-image\"><\/span><\/a><\/span><div class=\"fusion-column-wrapper fusion-flex-column-wrapper-legacy\"><div class=\"fusion-image-element fusion-image-align-center in-legacy-container\" style=\"text-align:center;--awb-caption-title-font-family:var(--h2_typography-font-family);--awb-caption-title-font-weight:var(--h2_typography-font-weight);--awb-caption-title-font-style:var(--h2_typography-font-style);--awb-caption-title-size:var(--h2_typography-font-size);--awb-caption-title-transform:var(--h2_typography-text-transform);--awb-caption-title-line-height:var(--h2_typography-line-height);--awb-caption-title-letter-spacing:var(--h2_typography-letter-spacing);\"><div class=\"imageframe-align-center\"><span class=\" fusion-imageframe imageframe-none imageframe-1 hover-type-none\"><a class=\"fusion-no-lightbox\" href=\"#\" target=\"_self\"><img decoding=\"async\" alt=\"Contact Us\" src=\"http:\/\/southbeachlanguages.com\/wp-content\/uploads\/2012\/07\/Contact-Us-150x150.png\" class=\"img-responsive\"\/><\/a><\/span><\/div><\/div><div class=\"fusion-title title fusion-title-2 fusion-sep-none fusion-title-center fusion-title-text fusion-title-size-three\" style=\"--awb-margin-top:20px;\"><h3 class=\"fusion-title-heading title-heading-center fusion-responsive-typography-calculated\" style=\"margin:0;--fontSize:26;--minFontSize:26;line-height:1.56;\">CONTACT US<\/h3><\/div><div class=\"fusion-clearfix\"><\/div><\/div><\/div><div class=\"fusion-layout-column fusion_builder_column fusion-builder-column-3 fusion_builder_column_1_2 1_2 fusion-one-half fusion-column-last fusion-column-inner-bg-wrapper\" style=\"--awb-inner-bg-size:cover;width:48%;\"><span class=\"fusion-column-inner-bg hover-type-none\"><a class=\"fusion-column-anchor\" href=\"http:\/\/southbeachlanguages.com\/english-test\/\"><span class=\"fusion-column-inner-bg-image\"><\/span><\/a><\/span><div class=\"fusion-column-wrapper fusion-flex-column-wrapper-legacy\"><div class=\"fusion-image-element fusion-image-align-center in-legacy-container\" style=\"text-align:center;--awb-caption-title-font-family:var(--h2_typography-font-family);--awb-caption-title-font-weight:var(--h2_typography-font-weight);--awb-caption-title-font-style:var(--h2_typography-font-style);--awb-caption-title-size:var(--h2_typography-font-size);--awb-caption-title-transform:var(--h2_typography-text-transform);--awb-caption-title-line-height:var(--h2_typography-line-height);--awb-caption-title-letter-spacing:var(--h2_typography-letter-spacing);\"><div class=\"imageframe-align-center\"><span class=\" fusion-imageframe imageframe-none imageframe-2 hover-type-none\"><a class=\"fusion-no-lightbox\" href=\"#\" target=\"_self\"><img decoding=\"async\" alt=\"Take Online English Test\" src=\"http:\/\/southbeachlanguages.com\/wp-content\/uploads\/2012\/07\/English-Test-150x150.png\" class=\"img-responsive\"\/><\/a><\/span><\/div><\/div><div class=\"fusion-title title fusion-title-3 fusion-sep-none fusion-title-center fusion-title-text fusion-title-size-three\" style=\"--awb-margin-top:20px;\"><h3 class=\"fusion-title-heading title-heading-center fusion-responsive-typography-calculated\" style=\"margin:0;--fontSize:26;--minFontSize:26;line-height:1.56;\">ENGLISH TEST<\/h3><\/div><div class=\"fusion-clearfix\"><\/div><\/div><\/div><\/div><\/div>\n\n<\/div><div class=\"fusion-clearfix\"><\/div><\/div><\/div><\/div><\/div><\/p>\n","protected":false},"excerpt":{"rendered":"","protected":false},"author":8,"featured_media":0,"parent":0,"menu_order":2,"comment_status":"closed","ping_status":"closed","template":"100-width.php","meta":{"footnotes":""},"class_list":["post-4947","page","type-page","status-publish","hentry"],"yoast_head":"<!-- This site is optimized with the Yoast SEO plugin v27.2 - https:\/\/yoast.com\/product\/yoast-seo-wordpress\/ -->\n<title>APLICAR DESDE SU PA\u00cdS - South Beach Languages<\/title>\n<meta name=\"robots\" content=\"index, follow, max-snippet:-1, max-image-preview:large, max-video-preview:-1\" \/>\n<link rel=\"canonical\" href=\"https:\/\/southbeachlanguages.com\/es\/aplicar-desde-su-pais\/\" \/>\n<meta property=\"og:locale\" content=\"es_ES\" \/>\n<meta property=\"og:type\" content=\"article\" \/>\n<meta property=\"og:title\" content=\"APLICAR DESDE SU PA\u00cdS - South Beach Languages\" \/>\n<meta property=\"og:url\" content=\"https:\/\/southbeachlanguages.com\/es\/aplicar-desde-su-pais\/\" \/>\n<meta property=\"og:site_name\" content=\"South Beach Languages\" \/>\n<meta property=\"article:modified_time\" content=\"2024-09-24T19:55:40+00:00\" \/>\n<meta name=\"twitter:label1\" content=\"Tiempo de lectura\" \/>\n\t<meta name=\"twitter:data1\" content=\"3 minutos\" \/>\n<script type=\"application\/ld+json\" class=\"yoast-schema-graph\">{\"@context\":\"https:\/\/schema.org\",\"@graph\":[{\"@type\":\"WebPage\",\"@id\":\"https:\/\/southbeachlanguages.com\/es\/aplicar-desde-su-pais\/\",\"url\":\"https:\/\/southbeachlanguages.com\/es\/aplicar-desde-su-pais\/\",\"name\":\"APLICAR DESDE SU PA\u00cdS - South Beach Languages\",\"isPartOf\":{\"@id\":\"https:\/\/southbeachlanguages.com\/ru\/#website\"},\"datePublished\":\"2013-06-28T01:17:29+00:00\",\"dateModified\":\"2024-09-24T19:55:40+00:00\",\"breadcrumb\":{\"@id\":\"https:\/\/southbeachlanguages.com\/es\/aplicar-desde-su-pais\/#breadcrumb\"},\"inLanguage\":\"es\",\"potentialAction\":[{\"@type\":\"ReadAction\",\"target\":[\"https:\/\/southbeachlanguages.com\/es\/aplicar-desde-su-pais\/\"]}]},{\"@type\":\"BreadcrumbList\",\"@id\":\"https:\/\/southbeachlanguages.com\/es\/aplicar-desde-su-pais\/#breadcrumb\",\"itemListElement\":[{\"@type\":\"ListItem\",\"position\":1,\"name\":\"Home\",\"item\":\"https:\/\/ec2-34-232-87-1.compute-1.amazonaws.com\/es\/\"},{\"@type\":\"ListItem\",\"position\":2,\"name\":\"APLICAR DESDE SU PA\u00cdS\"}]},{\"@type\":\"WebSite\",\"@id\":\"https:\/\/southbeachlanguages.com\/ru\/#website\",\"url\":\"https:\/\/southbeachlanguages.com\/ru\/\",\"name\":\"South Beach Languages\",\"description\":\"Language Schools in Miami and Hollywood - Learn English\",\"potentialAction\":[{\"@type\":\"SearchAction\",\"target\":{\"@type\":\"EntryPoint\",\"urlTemplate\":\"https:\/\/southbeachlanguages.com\/ru\/?s={search_term_string}\"},\"query-input\":{\"@type\":\"PropertyValueSpecification\",\"valueRequired\":true,\"valueName\":\"search_term_string\"}}],\"inLanguage\":\"es\"}]}<\/script>\n<!-- \/ Yoast SEO plugin. -->","yoast_head_json":{"title":"APLICAR DESDE SU PA\u00cdS - South Beach Languages","robots":{"index":"index","follow":"follow","max-snippet":"max-snippet:-1","max-image-preview":"max-image-preview:large","max-video-preview":"max-video-preview:-1"},"canonical":"https:\/\/southbeachlanguages.com\/es\/aplicar-desde-su-pais\/","og_locale":"es_ES","og_type":"article","og_title":"APLICAR DESDE SU PA\u00cdS - South Beach Languages","og_url":"https:\/\/southbeachlanguages.com\/es\/aplicar-desde-su-pais\/","og_site_name":"South Beach Languages","article_modified_time":"2024-09-24T19:55:40+00:00","twitter_misc":{"Tiempo de lectura":"3 minutos"},"schema":{"@context":"https:\/\/schema.org","@graph":[{"@type":"WebPage","@id":"https:\/\/southbeachlanguages.com\/es\/aplicar-desde-su-pais\/","url":"https:\/\/southbeachlanguages.com\/es\/aplicar-desde-su-pais\/","name":"APLICAR DESDE SU PA\u00cdS - South Beach Languages","isPartOf":{"@id":"https:\/\/southbeachlanguages.com\/ru\/#website"},"datePublished":"2013-06-28T01:17:29+00:00","dateModified":"2024-09-24T19:55:40+00:00","breadcrumb":{"@id":"https:\/\/southbeachlanguages.com\/es\/aplicar-desde-su-pais\/#breadcrumb"},"inLanguage":"es","potentialAction":[{"@type":"ReadAction","target":["https:\/\/southbeachlanguages.com\/es\/aplicar-desde-su-pais\/"]}]},{"@type":"BreadcrumbList","@id":"https:\/\/southbeachlanguages.com\/es\/aplicar-desde-su-pais\/#breadcrumb","itemListElement":[{"@type":"ListItem","position":1,"name":"Home","item":"https:\/\/ec2-34-232-87-1.compute-1.amazonaws.com\/es\/"},{"@type":"ListItem","position":2,"name":"APLICAR DESDE SU PA\u00cdS"}]},{"@type":"WebSite","@id":"https:\/\/southbeachlanguages.com\/ru\/#website","url":"https:\/\/southbeachlanguages.com\/ru\/","name":"South Beach Languages","description":"Language Schools in Miami and Hollywood - Learn English","potentialAction":[{"@type":"SearchAction","target":{"@type":"EntryPoint","urlTemplate":"https:\/\/southbeachlanguages.com\/ru\/?s={search_term_string}"},"query-input":{"@type":"PropertyValueSpecification","valueRequired":true,"valueName":"search_term_string"}}],"inLanguage":"es"}]}},"_links":{"self":[{"href":"https:\/\/sbl.edu\/es\/wp-json\/wp\/v2\/pages\/4947","targetHints":{"allow":["GET"]}}],"collection":[{"href":"https:\/\/sbl.edu\/es\/wp-json\/wp\/v2\/pages"}],"about":[{"href":"https:\/\/sbl.edu\/es\/wp-json\/wp\/v2\/types\/page"}],"author":[{"embeddable":true,"href":"https:\/\/sbl.edu\/es\/wp-json\/wp\/v2\/users\/8"}],"replies":[{"embeddable":true,"href":"https:\/\/sbl.edu\/es\/wp-json\/wp\/v2\/comments?post=4947"}],"version-history":[{"count":8,"href":"https:\/\/sbl.edu\/es\/wp-json\/wp\/v2\/pages\/4947\/revisions"}],"predecessor-version":[{"id":19995,"href":"https:\/\/sbl.edu\/es\/wp-json\/wp\/v2\/pages\/4947\/revisions\/19995"}],"wp:attachment":[{"href":"https:\/\/sbl.edu\/es\/wp-json\/wp\/v2\/media?parent=4947"}],"curies":[{"name":"wp","href":"https:\/\/api.w.org\/{rel}","templated":true}]}}