{"id":8652,"date":"2015-04-21T00:28:49","date_gmt":"2015-04-21T04:28:49","guid":{"rendered":"http:\/\/southbeachlanguages.com\/es\/miami\/"},"modified":"2025-02-20T15:41:49","modified_gmt":"2025-02-20T20:41:49","slug":"miami","status":"publish","type":"page","link":"https:\/\/sbl.edu\/es\/miami\/","title":{"rendered":"Miami Beach"},"content":{"rendered":"<p><div class=\"fusion-fullwidth fullwidth-box fusion-builder-row-1 hundred-percent-fullwidth non-hundred-percent-height-scrolling fusion-equal-height-columns\" style=\"--awb-background-position:left top;--awb-border-sizes-top:0px;--awb-border-sizes-bottom:0px;--awb-border-sizes-left:0px;--awb-border-sizes-right:0px;--awb-border-radius-top-left:0px;--awb-border-radius-top-right:0px;--awb-border-radius-bottom-right:0px;--awb-border-radius-bottom-left:0px;--awb-padding-top:20px;--awb-padding-right:0px;--awb-padding-bottom:20px;--awb-padding-left:30px;--awb-flex-wrap:wrap;\" ><div class=\"fusion-builder-row fusion-row\"><div class=\"fusion-layout-column fusion_builder_column fusion-builder-column-0 fusion_builder_column_1_3 1_3 fusion-one-third fusion-column-first\" style=\"--awb-bg-size:cover;width:30.6666%; margin-right: 4%;\" id=\"school_facility\"><div class=\"fusion-column-wrapper fusion-flex-column-wrapper-legacy\"><div class=\"fusion-title title fusion-title-1 fusion-title-text fusion-title-size-two\"><h2 class=\"fusion-title-heading title-heading-left fusion-responsive-typography-calculated\" style=\"margin:0;--fontSize:36;line-height:1;\">Instalaciones<\/h2><span class=\"awb-title-spacer\"><\/span><div class=\"title-sep-container\"><div class=\"title-sep sep-single sep-solid\" style=\"border-color:#e0dede;\"><\/div><\/div><\/div><div class=\"fusion-text fusion-text-1\" style=\"--awb-text-transform:none;\"><p><b>UBICACI\u00d3N EN MIAMI<br \/>\n<\/b>Nuestra escuela en Miami est\u00e1 ubicada en 1556 Alton Road (segundo piso). Incluye aulas modernas con aire acondicionado y un sal\u00f3n social con refrigerios y juegos. Hay actividades estacionales para los estudiantes.<\/p>\n<p><b>CLASES DE INGL\u00c9S EN MIAMI<br \/>\n<\/b>Antes de iniciar clases, presentas un examen de nivelaci\u00f3n para determinar tu nivel de ingl\u00e9s. Este incluye gram\u00e1tica, vocabulario, escritura y conversaci\u00f3n; y toma aproximadamente 30 minutos.<br \/>\nOfrecemos 12 niveles de ingl\u00e9s.<\/p>\n<ul>\n<li>Nivel 1 \u2013 Principiante. No se requiere ingl\u00e9s previo.<\/li>\n<li>Nivel 2 \u2013 Principiante.<\/li>\n<li>Nivel 3 \u2013 Principiante alto.<\/li>\n<li>Nivel 4 \u2013 Intermedio bajo.<\/li>\n<li>Nivel 5 \u2013 Intermedio bajo<\/li>\n<li>Nivel 6 \u2013 Intermedio.<\/li>\n<li>Nivel 7 \u2013 Intermedio.<\/li>\n<li>Nivel 8 \u2013 Intermedio alto.<\/li>\n<li>Nivel 9 \u2013 Intermedio alto.<\/li>\n<li>Nivel 10 \u2013 Avanzado.<\/li>\n<li>Nivel 11 \u2013 Avanzado.<\/li>\n<li>Nivel 12 \u2013 Avanzado.<\/li>\n<\/ul>\n<p><b>VIVIR Y ESTUDIAR EN MIAMI<br \/>\n<\/b><\/p>\n<p><b>Estilo de vida de Miami Beach<br \/>\n<\/b>Miami Beach es conocida mundialmente por su clima soleado, playas, restaurantes, hoteles, tiendas y actividades. Es una ciudad internacional muy diversa que incluye muchas nacionalidades. Todos los d\u00edas hay algo nuevo para hacer; o si lo prefieres, \u00a1todos los d\u00edas es una oportunidad para relajarte bajo el sol!<\/p>\n<p><b>Clima en Miami Beach<br \/>\n<\/b>Miami disfruta de un clima c\u00e1lido durante todo el a\u00f1o, con algunos meses durante la \u00abtemporada alta\u00bb, entre diciembre y marzo. Los veranos, entre junio y agosto, son los meses m\u00e1s c\u00e1lidos. \u00a1Trae ropa casual y tu traje de ba\u00f1o!<\/p>\n<p><b>Compras en Miami Beach<br \/>\n<\/b>Miami Beach tiene excelentes opciones de compras en la Lincoln Road, Collins Avenue, Washington Avenue, Alton Road y Ocean Drive. Hay grandes centros comerciales cerca, como\u00a0 Bayside (en el centro de Miami), Aventura Mall y Dolphin Mall.\u00a0 Sawgrass Mills Mall est\u00e1 m\u00e1s lejos, pero es un excelente destino para los \u00abadictos a las compras\u00bb<\/p>\n<p><b>Transporte en Miami Beach<br \/>\n<\/b>La mayor\u00eda de los estudiantes vive en apartamentos o casas cercanas a nuestra escuela de idiomas, en \u00e1reas y ciudades vecinas como South Beach, North Miami Beach, el centro de Miami, \u201cDesign District\u201d\u00a0 (que est\u00e1 al norte del centro de Miami), Coral Gables, Coconut Grove, Hialeah y Kendall.<\/p>\n<p>Los estudiantes utilizan diferentes formas de transporte, dependiendo de su procedencia.\u00a0 Algunos caminan hacia la escuela, otros van en sus bicicletas. Tambi\u00e9n toman Uber; y quienes llegan en carro, parquean gratis cerca de la escuela.<\/p>\n<p>Nuestra escuela de idiomas en Miami Beach est\u00e1 localizada en una zona de acceso a autobuses. Tenemos una parada justo enfrente.<\/p>\n<\/div><div class=\"fusion-sep-clear\"><\/div><div class=\"fusion-separator fusion-full-width-sep\" style=\"margin-left: auto;margin-right: auto;margin-top:50px;width:100%;\"><\/div><div class=\"fusion-sep-clear\"><\/div><div class=\"fusion-title title fusion-title-2 fusion-title-text fusion-title-size-two\"><h2 class=\"fusion-title-heading title-heading-left fusion-responsive-typography-calculated\" style=\"margin:0;--fontSize:36;line-height:1;\">Map Location<\/h2><span class=\"awb-title-spacer\"><\/span><div class=\"title-sep-container\"><div class=\"title-sep sep-single sep-solid\" style=\"border-color:#e0dede;\"><\/div><\/div><\/div><div class=\"fusion-image-element in-legacy-container\" style=\"--awb-caption-title-font-family:var(--h2_typography-font-family);--awb-caption-title-font-weight:var(--h2_typography-font-weight);--awb-caption-title-font-style:var(--h2_typography-font-style);--awb-caption-title-size:var(--h2_typography-font-size);--awb-caption-title-transform:var(--h2_typography-text-transform);--awb-caption-title-line-height:var(--h2_typography-line-height);--awb-caption-title-letter-spacing:var(--h2_typography-letter-spacing);\"><span class=\" fusion-imageframe imageframe-none imageframe-1 hover-type-none\"><a class=\"fusion-no-lightbox\" href=\"https:\/\/www.google.com\/maps\/dir\/25.6712643,-80.3703936\/South+Beach+Languages\/@25.7408548,-80.3940353,11z\/data=!3m1!4b1!4m9!4m8!1m1!4e1!1m5!1m1!1s0x88d9b48d9cf69add:0x1a6b709324502d51!2m2!1d-80.1413537!2d25.7884332\" target=\"_blank\" aria-label=\"Screenshot 2023-02-06 at 7.08.33 AM\" rel=\"noopener noreferrer\"><img decoding=\"async\" width=\"1196\" height=\"982\" alt=\"South Beach Language Map\" src=\"http:\/\/southbeachlanguages.com\/wp-content\/uploads\/2023\/02\/Screenshot-2023-02-06-at-7.08.33-AM.png\" class=\"img-responsive wp-image-19503\" srcset=\"https:\/\/sbl.edu\/wp-content\/uploads\/2023\/02\/Screenshot-2023-02-06-at-7.08.33-AM-200x164.png 200w, https:\/\/sbl.edu\/wp-content\/uploads\/2023\/02\/Screenshot-2023-02-06-at-7.08.33-AM-400x328.png 400w, https:\/\/sbl.edu\/wp-content\/uploads\/2023\/02\/Screenshot-2023-02-06-at-7.08.33-AM-600x493.png 600w, https:\/\/sbl.edu\/wp-content\/uploads\/2023\/02\/Screenshot-2023-02-06-at-7.08.33-AM-800x657.png 800w, https:\/\/sbl.edu\/wp-content\/uploads\/2023\/02\/Screenshot-2023-02-06-at-7.08.33-AM.png 1196w\" sizes=\"(max-width: 800px) 100vw, 400px\" \/><\/a><\/span><\/div><div class=\"fusion-clearfix\"><\/div><\/div><\/div><div class=\"fusion-layout-column fusion_builder_column fusion-builder-column-1 fusion_builder_column_2_3 2_3 fusion-two-third fusion-column-last\" style=\"--awb-bg-size:cover;width:65.3333%;\"><div class=\"fusion-column-wrapper fusion-flex-column-wrapper-legacy\"><div class=\"fusion-text fusion-text-2\"><div id=\"jig1\" class=\"justified-image-grid jig-32b1d8620e71be72ef3db213f6f4c11f jig-preset-3 jig-source-wp-gallery\"><div class=\"jig-clearfix\"><\/div><noscript id=\"jig1-html\" class=\"justified-image-grid-html\" data-lazy-src=\"skiplazyload\" data-src=\"skipunveillazyload\"><ul><li><a href=\"https:\/\/sbl.edu\/wp-content\/uploads\/2016\/09\/miami.jpg\" title=\"miami\"><img decoding=\"async\" src=\"https:\/\/sbl.edu\/wp-content\/uploads\/2016\/09\/miami.jpg\" alt=\"miami\" width=\"600\" height=\"310\" \/><\/a><p class=\"jig-HTMLdescription\">miami<\/p><\/li><li><a href=\"https:\/\/sbl.edu\/wp-content\/uploads\/2015\/04\/1.jpg\" title=\"1\"><img decoding=\"async\" src=\"https:\/\/sbl.edu\/wp-content\/uploads\/2015\/04\/1.jpg\" alt=\"1\" width=\"600\" height=\"310\" \/><\/a><p class=\"jig-HTMLdescription\">1<\/p><\/li><li><a href=\"https:\/\/sbl.edu\/wp-content\/uploads\/2016\/09\/south-beach-life-guard.jpg\"><img decoding=\"async\" src=\"https:\/\/sbl.edu\/wp-content\/uploads\/2016\/09\/south-beach-life-guard.jpg\" alt=\"south-beach-life-guard\" width=\"600\" height=\"310\" \/><\/a><p class=\"jig-HTMLdescription\">south-beach-life-guard<\/p><\/li><li><a href=\"https:\/\/sbl.edu\/wp-content\/uploads\/2015\/04\/4.jpg\" title=\"4\"><img decoding=\"async\" src=\"https:\/\/sbl.edu\/wp-content\/uploads\/2015\/04\/4.jpg\" alt=\"4\" width=\"600\" height=\"310\" \/><\/a><p class=\"jig-HTMLdescription\">4<\/p><\/li><li><a href=\"https:\/\/sbl.edu\/wp-content\/uploads\/2015\/04\/5.jpg\" title=\"5\"><img decoding=\"async\" src=\"https:\/\/sbl.edu\/wp-content\/uploads\/2015\/04\/5.jpg\" alt=\"5\" width=\"600\" height=\"310\" \/><\/a><p class=\"jig-HTMLdescription\">5<\/p><\/li><li><a href=\"https:\/\/sbl.edu\/wp-content\/uploads\/2015\/04\/6.jpg\" title=\"6\"><img decoding=\"async\" src=\"https:\/\/sbl.edu\/wp-content\/uploads\/2015\/04\/6.jpg\" alt=\"6\" width=\"600\" height=\"310\" \/><\/a><p class=\"jig-HTMLdescription\">6<\/p><\/li><li><a href=\"https:\/\/sbl.edu\/wp-content\/uploads\/2016\/09\/south-beach-street.jpg\"><img decoding=\"async\" src=\"https:\/\/sbl.edu\/wp-content\/uploads\/2016\/09\/south-beach-street.jpg\" alt=\"south-beach-street\" width=\"600\" height=\"310\" \/><\/a><p class=\"jig-HTMLdescription\">south-beach-street<\/p><\/li><li><a href=\"https:\/\/sbl.edu\/wp-content\/uploads\/2015\/04\/7.jpg\" title=\"7\"><img decoding=\"async\" src=\"https:\/\/sbl.edu\/wp-content\/uploads\/2015\/04\/7.jpg\" alt=\"7\" width=\"600\" height=\"310\" \/><\/a><p class=\"jig-HTMLdescription\">7<\/p><\/li><li><a href=\"https:\/\/sbl.edu\/wp-content\/uploads\/2016\/09\/miami-beach-at-night.jpg\"><img decoding=\"async\" src=\"https:\/\/sbl.edu\/wp-content\/uploads\/2016\/09\/miami-beach-at-night.jpg\" alt=\"miami-beach-at-night\" width=\"600\" height=\"310\" \/><\/a><p class=\"jig-HTMLdescription\">miami-beach-at-night<\/p><\/li><li><a href=\"https:\/\/sbl.edu\/wp-content\/uploads\/2015\/04\/10.jpg\" title=\"10\"><img decoding=\"async\" src=\"https:\/\/sbl.edu\/wp-content\/uploads\/2015\/04\/10.jpg\" alt=\"10\" width=\"600\" height=\"310\" \/><\/a><p class=\"jig-HTMLdescription\">10<\/p><\/li><li><a href=\"https:\/\/sbl.edu\/wp-content\/uploads\/2015\/04\/9.jpg\" title=\"9\"><img decoding=\"async\" src=\"https:\/\/sbl.edu\/wp-content\/uploads\/2015\/04\/9.jpg\" alt=\"9\" width=\"600\" height=\"310\" \/><\/a><p class=\"jig-HTMLdescription\">9<\/p><\/li><li><a href=\"https:\/\/sbl.edu\/wp-content\/uploads\/2015\/04\/11.jpg\" title=\"11\"><img decoding=\"async\" src=\"https:\/\/sbl.edu\/wp-content\/uploads\/2015\/04\/11.jpg\" alt=\"11\" width=\"600\" height=\"310\" \/><\/a><p class=\"jig-HTMLdescription\">11<\/p><\/li><li><a href=\"https:\/\/sbl.edu\/wp-content\/uploads\/2015\/04\/12.jpg\" title=\"12\"><img decoding=\"async\" src=\"https:\/\/sbl.edu\/wp-content\/uploads\/2015\/04\/12.jpg\" alt=\"12\" width=\"600\" height=\"310\" \/><\/a><p class=\"jig-HTMLdescription\">12<\/p><\/li><\/ul><\/noscript><\/div>\n<\/div><div class=\"fusion-clearfix\"><\/div><\/div><\/div><\/div><\/div><div class=\"fusion-fullwidth fullwidth-box fusion-builder-row-2 hundred-percent-fullwidth non-hundred-percent-height-scrolling\" style=\"--awb-border-radius-top-left:0px;--awb-border-radius-top-right:0px;--awb-border-radius-bottom-right:0px;--awb-border-radius-bottom-left:0px;--awb-overflow:visible;--awb-padding-right:30px;--awb-padding-left:30px;--awb-flex-wrap:wrap;\" ><div class=\"fusion-builder-row fusion-row\"><div class=\"fusion-layout-column fusion_builder_column fusion-builder-column-2 fusion_builder_column_1_1 1_1 fusion-one-full fusion-column-first fusion-column-last fusion-column-no-min-height\" style=\"--awb-bg-size:cover;--awb-margin-bottom:0px;\"><div class=\"fusion-column-wrapper fusion-flex-column-wrapper-legacy\"><div class=\"fusion-text fusion-text-3\"><div class=\"fusion-fullwidth fullwidth-box fusion-builder-row-2-1 fusion-parallax-none nonhundred-percent-fullwidth non-hundred-percent-height-scrolling\" style=\"--awb-background-position:center bottom;--awb-border-sizes-top:0px;--awb-border-sizes-bottom:0px;--awb-border-sizes-left:0px;--awb-border-sizes-right:0px;--awb-border-radius-top-left:0px;--awb-border-radius-top-right:0px;--awb-border-radius-bottom-right:0px;--awb-border-radius-bottom-left:0px;--awb-padding-top:90px;--awb-padding-bottom:90px;--awb-background-color:#e2e2e2;--awb-background-image:url(&quot;http:\/\/southbeachlanguages.com\/wp-content\/uploads\/2012\/07\/CTA-Background.jpg&quot;);--awb-background-size:cover;--awb-flex-wrap:wrap;\" ><div class=\"fusion-builder-row fusion-row\"><div class=\"fusion-layout-column fusion_builder_column fusion-builder-column-3 fusion_builder_column_1_2 1_2 fusion-one-half fusion-column-first fusion-column-inner-bg-wrapper\" style=\"--awb-inner-bg-size:cover;width:48%; margin-right: 4%;\"><span class=\"fusion-column-inner-bg hover-type-none\"><a class=\"fusion-column-anchor\" href=\"http:\/\/southbeachlanguages.com\/contact-us\/\"><span class=\"fusion-column-inner-bg-image\"><\/span><\/a><\/span><div class=\"fusion-column-wrapper fusion-flex-column-wrapper-legacy\"><div class=\"fusion-image-element fusion-image-align-center in-legacy-container\" style=\"text-align:center;--awb-caption-title-font-family:var(--h2_typography-font-family);--awb-caption-title-font-weight:var(--h2_typography-font-weight);--awb-caption-title-font-style:var(--h2_typography-font-style);--awb-caption-title-size:var(--h2_typography-font-size);--awb-caption-title-transform:var(--h2_typography-text-transform);--awb-caption-title-line-height:var(--h2_typography-line-height);--awb-caption-title-letter-spacing:var(--h2_typography-letter-spacing);\"><div class=\"imageframe-align-center\"><span class=\" fusion-imageframe imageframe-none imageframe-2 hover-type-none\"><a class=\"fusion-no-lightbox\" href=\"#\" target=\"_self\"><img decoding=\"async\" alt=\"Contact Us\" src=\"http:\/\/southbeachlanguages.com\/wp-content\/uploads\/2012\/07\/Contact-Us-150x150.png\" class=\"img-responsive\"\/><\/a><\/span><\/div><\/div><div class=\"fusion-title title fusion-title-3 fusion-sep-none fusion-title-center fusion-title-text fusion-title-size-three\" style=\"--awb-margin-top:20px;\"><h3 class=\"fusion-title-heading title-heading-center fusion-responsive-typography-calculated\" style=\"margin:0;--fontSize:26;--minFontSize:26;line-height:1.56;\">CONTACT US<\/h3><\/div><div class=\"fusion-clearfix\"><\/div><\/div><\/div><div class=\"fusion-layout-column fusion_builder_column fusion-builder-column-4 fusion_builder_column_1_2 1_2 fusion-one-half fusion-column-last fusion-column-inner-bg-wrapper\" style=\"--awb-inner-bg-size:cover;width:48%;\"><span class=\"fusion-column-inner-bg hover-type-none\"><a class=\"fusion-column-anchor\" href=\"http:\/\/southbeachlanguages.com\/english-test\/\"><span class=\"fusion-column-inner-bg-image\"><\/span><\/a><\/span><div class=\"fusion-column-wrapper fusion-flex-column-wrapper-legacy\"><div class=\"fusion-image-element fusion-image-align-center in-legacy-container\" style=\"text-align:center;--awb-caption-title-font-family:var(--h2_typography-font-family);--awb-caption-title-font-weight:var(--h2_typography-font-weight);--awb-caption-title-font-style:var(--h2_typography-font-style);--awb-caption-title-size:var(--h2_typography-font-size);--awb-caption-title-transform:var(--h2_typography-text-transform);--awb-caption-title-line-height:var(--h2_typography-line-height);--awb-caption-title-letter-spacing:var(--h2_typography-letter-spacing);\"><div class=\"imageframe-align-center\"><span class=\" fusion-imageframe imageframe-none imageframe-3 hover-type-none\"><a class=\"fusion-no-lightbox\" href=\"#\" target=\"_self\"><img decoding=\"async\" alt=\"Take Online English Test\" src=\"http:\/\/southbeachlanguages.com\/wp-content\/uploads\/2012\/07\/English-Test-150x150.png\" class=\"img-responsive\"\/><\/a><\/span><\/div><\/div><div class=\"fusion-title title fusion-title-4 fusion-sep-none fusion-title-center fusion-title-text fusion-title-size-three\" style=\"--awb-margin-top:20px;\"><h3 class=\"fusion-title-heading title-heading-center fusion-responsive-typography-calculated\" style=\"margin:0;--fontSize:26;--minFontSize:26;line-height:1.56;\">ENGLISH TEST<\/h3><\/div><div class=\"fusion-clearfix\"><\/div><\/div><\/div><\/div><\/div>\n\n<\/div><div class=\"fusion-clearfix\"><\/div><\/div><\/div><\/div><\/div><\/p>\n","protected":false},"excerpt":{"rendered":"","protected":false},"author":8,"featured_media":0,"parent":0,"menu_order":0,"comment_status":"closed","ping_status":"closed","template":"100-width.php","meta":{"footnotes":""},"class_list":["post-8652","page","type-page","status-publish","hentry"],"yoast_head":"<!-- This site is optimized with the Yoast SEO plugin v27.2 - https:\/\/yoast.com\/product\/yoast-seo-wordpress\/ -->\n<title>Miami Beach - South Beach Languages<\/title>\n<meta name=\"robots\" content=\"index, follow, max-snippet:-1, max-image-preview:large, max-video-preview:-1\" \/>\n<link rel=\"canonical\" href=\"https:\/\/southbeachlanguages.com\/es\/miami\/\" \/>\n<meta property=\"og:locale\" content=\"es_ES\" \/>\n<meta property=\"og:type\" content=\"article\" \/>\n<meta property=\"og:title\" content=\"Miami Beach - South Beach Languages\" \/>\n<meta property=\"og:url\" content=\"https:\/\/southbeachlanguages.com\/es\/miami\/\" \/>\n<meta property=\"og:site_name\" content=\"South Beach Languages\" \/>\n<meta property=\"article:modified_time\" content=\"2025-02-20T20:41:49+00:00\" \/>\n<meta name=\"twitter:label1\" content=\"Tiempo de lectura\" \/>\n\t<meta name=\"twitter:data1\" content=\"3 minutos\" \/>\n<script type=\"application\/ld+json\" class=\"yoast-schema-graph\">{\"@context\":\"https:\/\/schema.org\",\"@graph\":[{\"@type\":\"WebPage\",\"@id\":\"https:\/\/southbeachlanguages.com\/es\/miami\/\",\"url\":\"https:\/\/southbeachlanguages.com\/es\/miami\/\",\"name\":\"Miami Beach - South Beach Languages\",\"isPartOf\":{\"@id\":\"https:\/\/southbeachlanguages.com\/ru\/#website\"},\"datePublished\":\"2015-04-21T04:28:49+00:00\",\"dateModified\":\"2025-02-20T20:41:49+00:00\",\"breadcrumb\":{\"@id\":\"https:\/\/southbeachlanguages.com\/es\/miami\/#breadcrumb\"},\"inLanguage\":\"es\",\"potentialAction\":[{\"@type\":\"ReadAction\",\"target\":[\"https:\/\/southbeachlanguages.com\/es\/miami\/\"]}]},{\"@type\":\"BreadcrumbList\",\"@id\":\"https:\/\/southbeachlanguages.com\/es\/miami\/#breadcrumb\",\"itemListElement\":[{\"@type\":\"ListItem\",\"position\":1,\"name\":\"Home\",\"item\":\"https:\/\/ec2-34-232-87-1.compute-1.amazonaws.com\/es\/\"},{\"@type\":\"ListItem\",\"position\":2,\"name\":\"Miami Beach\"}]},{\"@type\":\"WebSite\",\"@id\":\"https:\/\/southbeachlanguages.com\/ru\/#website\",\"url\":\"https:\/\/southbeachlanguages.com\/ru\/\",\"name\":\"South Beach Languages\",\"description\":\"Language Schools in Miami and Hollywood - Learn English\",\"potentialAction\":[{\"@type\":\"SearchAction\",\"target\":{\"@type\":\"EntryPoint\",\"urlTemplate\":\"https:\/\/southbeachlanguages.com\/ru\/?s={search_term_string}\"},\"query-input\":{\"@type\":\"PropertyValueSpecification\",\"valueRequired\":true,\"valueName\":\"search_term_string\"}}],\"inLanguage\":\"es\"}]}<\/script>\n<!-- \/ Yoast SEO plugin. -->","yoast_head_json":{"title":"Miami Beach - South Beach Languages","robots":{"index":"index","follow":"follow","max-snippet":"max-snippet:-1","max-image-preview":"max-image-preview:large","max-video-preview":"max-video-preview:-1"},"canonical":"https:\/\/southbeachlanguages.com\/es\/miami\/","og_locale":"es_ES","og_type":"article","og_title":"Miami Beach - South Beach Languages","og_url":"https:\/\/southbeachlanguages.com\/es\/miami\/","og_site_name":"South Beach Languages","article_modified_time":"2025-02-20T20:41:49+00:00","twitter_misc":{"Tiempo de lectura":"3 minutos"},"schema":{"@context":"https:\/\/schema.org","@graph":[{"@type":"WebPage","@id":"https:\/\/southbeachlanguages.com\/es\/miami\/","url":"https:\/\/southbeachlanguages.com\/es\/miami\/","name":"Miami Beach - South Beach Languages","isPartOf":{"@id":"https:\/\/southbeachlanguages.com\/ru\/#website"},"datePublished":"2015-04-21T04:28:49+00:00","dateModified":"2025-02-20T20:41:49+00:00","breadcrumb":{"@id":"https:\/\/southbeachlanguages.com\/es\/miami\/#breadcrumb"},"inLanguage":"es","potentialAction":[{"@type":"ReadAction","target":["https:\/\/southbeachlanguages.com\/es\/miami\/"]}]},{"@type":"BreadcrumbList","@id":"https:\/\/southbeachlanguages.com\/es\/miami\/#breadcrumb","itemListElement":[{"@type":"ListItem","position":1,"name":"Home","item":"https:\/\/ec2-34-232-87-1.compute-1.amazonaws.com\/es\/"},{"@type":"ListItem","position":2,"name":"Miami Beach"}]},{"@type":"WebSite","@id":"https:\/\/southbeachlanguages.com\/ru\/#website","url":"https:\/\/southbeachlanguages.com\/ru\/","name":"South Beach Languages","description":"Language Schools in Miami and Hollywood - Learn English","potentialAction":[{"@type":"SearchAction","target":{"@type":"EntryPoint","urlTemplate":"https:\/\/southbeachlanguages.com\/ru\/?s={search_term_string}"},"query-input":{"@type":"PropertyValueSpecification","valueRequired":true,"valueName":"search_term_string"}}],"inLanguage":"es"}]}},"_links":{"self":[{"href":"https:\/\/sbl.edu\/es\/wp-json\/wp\/v2\/pages\/8652","targetHints":{"allow":["GET"]}}],"collection":[{"href":"https:\/\/sbl.edu\/es\/wp-json\/wp\/v2\/pages"}],"about":[{"href":"https:\/\/sbl.edu\/es\/wp-json\/wp\/v2\/types\/page"}],"author":[{"embeddable":true,"href":"https:\/\/sbl.edu\/es\/wp-json\/wp\/v2\/users\/8"}],"replies":[{"embeddable":true,"href":"https:\/\/sbl.edu\/es\/wp-json\/wp\/v2\/comments?post=8652"}],"version-history":[{"count":9,"href":"https:\/\/sbl.edu\/es\/wp-json\/wp\/v2\/pages\/8652\/revisions"}],"predecessor-version":[{"id":20104,"href":"https:\/\/sbl.edu\/es\/wp-json\/wp\/v2\/pages\/8652\/revisions\/20104"}],"wp:attachment":[{"href":"https:\/\/sbl.edu\/es\/wp-json\/wp\/v2\/media?parent=8652"}],"curies":[{"name":"wp","href":"https:\/\/api.w.org\/{rel}","templated":true}]}}