{"id":5096,"date":"2013-07-08T00:30:56","date_gmt":"2013-07-08T00:30:56","guid":{"rendered":"http:\/\/southbeachlanguages.com\/?page_id=5096"},"modified":"2025-02-20T15:59:36","modified_gmt":"2025-02-20T20:59:36","slug":"anglais-intensive","status":"publish","type":"page","link":"https:\/\/sbl.edu\/fr\/anglais-intensive\/","title":{"rendered":"Anglais Intensive"},"content":{"rendered":"<p><div class=\"fusion-fullwidth fullwidth-box fusion-builder-row-1 nonhundred-percent-fullwidth non-hundred-percent-height-scrolling\" style=\"--awb-background-position:left top;--awb-border-sizes-top:0px;--awb-border-sizes-bottom:0px;--awb-border-sizes-left:0px;--awb-border-sizes-right:0px;--awb-border-radius-top-left:0px;--awb-border-radius-top-right:0px;--awb-border-radius-bottom-right:0px;--awb-border-radius-bottom-left:0px;--awb-padding-top:20px;--awb-padding-bottom:20px;--awb-flex-wrap:wrap;\" ><div class=\"fusion-builder-row fusion-row\"><div class=\"fusion-layout-column fusion_builder_column fusion-builder-column-0 fusion_builder_column_2_3 2_3 fusion-two-third fusion-column-first\" style=\"--awb-bg-size:cover;width:65.3333%; margin-right: 4%;\"><div class=\"fusion-column-wrapper fusion-flex-column-wrapper-legacy\"><div class=\"fusion-text fusion-text-1\" style=\"--awb-text-transform:none;\"><p>South Beach Languages propose 12 niveaux de cours diff\u00e9rents. \u00a0South Beach Languages suit la m\u00e9thode communicative qui met l\u2019accent sur l\u2019immersion, l\u2019int\u00e9raction et les usages pratiques. Nos cours sont dispens\u00e9s en petits groupes par des enseignants Am\u00e9ricains dynamiques et exp\u00e9riment\u00e9s.<\/p>\n<p>De nombreux dipl\u00f4m\u00e9s de notre programme d\u2019Anglais poursuivent leurs \u00e9tudes dans les universit\u00e9s locales telles que Miami Dade College, l\u2019Universit\u00e9 Internationale de Floride (F.I.U), l\u2019Universit\u00e9 de Miami (U.M.) et bien d\u2019autres.<\/p>\n<p>South Beach Languages est autoris\u00e9 par la loi f\u00e9d\u00e9rale d\u2019inscrire des \u00e9tudiants non immigrants (F1) dans nos emplacements de Miami Beach et Hollywood, en Floride.<\/p>\n<\/div><div class=\"fusion-sep-clear\"><\/div><div class=\"fusion-separator fusion-full-width-sep\" style=\"margin-left: auto;margin-right: auto;margin-top:30px;width:100%;\"><\/div><div class=\"fusion-sep-clear\"><\/div><div class=\"fusion-title title fusion-title-1 fusion-title-text fusion-title-size-two\"><h2 class=\"fusion-title-heading title-heading-left fusion-responsive-typography-calculated\" style=\"margin:0;--fontSize:36;line-height:1;\">CLASSES<\/h2><span class=\"awb-title-spacer\"><\/span><div class=\"title-sep-container\"><div class=\"title-sep sep-single sep-solid\" style=\"border-color:#e0dede;\"><\/div><\/div><\/div><ul style=\"--awb-size:13px;--awb-iconcolor:#2761ab;--awb-line-height:22.1px;--awb-icon-width:22.1px;--awb-icon-height:22.1px;--awb-icon-margin:9.1px;--awb-content-margin:31.2px;\" class=\"fusion-checklist fusion-checklist-1 fusion-checklist-default type-icons\"><li class=\"fusion-li-item\" style=\"\"><span class=\"icon-wrapper circle-no\"><i class=\"fusion-li-icon fa-check fas\" aria-hidden=\"true\"><\/i><\/span><div class=\"fusion-li-item-content\">Nous offrons des classes le matin, l&rsquo;apr\u00e8s-midi et le soir. Horaire flexible de 4 jours.<\/div><\/li><li class=\"fusion-li-item\" style=\"\"><span class=\"icon-wrapper circle-no\"><i class=\"fusion-li-icon fa-check fas\" aria-hidden=\"true\"><\/i><\/span><div class=\"fusion-li-item-content\">Pour d\u00e9terminer le niveau, l\u2019\u00e9tudiant passera un test d\u2019Anglais le premier jour.\u00a0A la fin du programme, l\u2019\u00e9tudiant recevra un certificat ou un dipl\u00f4me.<\/div><\/li><li class=\"fusion-li-item\" style=\"\"><span class=\"icon-wrapper circle-no\"><i class=\"fusion-li-icon fa-check fas\" aria-hidden=\"true\"><\/i><\/span><div class=\"fusion-li-item-content\">\n<p>Le programme\u00a0\u2018ENGLISH INTENSIVE\u2019 se compose de:<br \/>\nClasse 1: Anglais g\u00e9n\u00e9ral\u00a0(grammaire,\u00a0\u00e9criture, vocabulaire et expression orale).<br \/>\nClasse 2: Conversation en anglais (prononciation et accentuation)<\/p>\n<\/div><\/li><\/ul><div class=\"fusion-sep-clear\"><\/div><div class=\"fusion-separator fusion-full-width-sep\" style=\"margin-left: auto;margin-right: auto;margin-top:30px;width:100%;\"><\/div><div class=\"fusion-sep-clear\"><\/div><div class=\"fusion-title title fusion-title-2 fusion-title-text fusion-title-size-two\"><h2 class=\"fusion-title-heading title-heading-left fusion-responsive-typography-calculated\" style=\"margin:0;--fontSize:36;line-height:1;\">PROGRAMMES &amp; PRIX<\/h2><span class=\"awb-title-spacer\"><\/span><div class=\"title-sep-container\"><div class=\"title-sep sep-single sep-solid\" style=\"border-color:#e0dede;\"><\/div><\/div><\/div><div class=\"fusion-sep-clear\"><\/div><div class=\"fusion-separator fusion-full-width-sep\" style=\"margin-left: auto;margin-right: auto;margin-top:30px;width:100%;\"><\/div><div class=\"fusion-sep-clear\"><\/div><div class=\"fusion-text fusion-text-2\" style=\"--awb-text-transform:none;\"><div class=\"table-1\">\n<table width=\"100%\">\n<thead>\n<tr>\n<th align=\"left\">MIAMI BEACH<\/th>\n<th align=\"left\">HORAIRE<\/th>\n<th align=\"left\">PRIX MENSUEL<\/th>\n<\/tr>\n<\/thead>\n<tbody>\n<tr>\n<td><strong>Matin<\/strong><\/td>\n<td><span class=\"aBn\" tabindex=\"0\" data-term=\"goog_1764976176\"><span class=\"aQJ\">830 -2:30 <\/span><\/span>\u00a0Lu\/Ma\/Mer<\/td>\n<td style=\"text-align: center;\">$499<\/td>\n<\/tr>\n<tr>\n<td><strong>Apres-mide<\/strong><\/td>\n<td>12 &#8211; 6 Lu\/Ma\/Mer<\/td>\n<td style=\"text-align: center;\">veuillez vous renseigner<\/td>\n<\/tr>\n<tr>\n<td><\/td>\n<td><\/td>\n<td style=\"text-align: center;\"><\/td>\n<\/tr>\n<tr>\n<td colspan=\"3\"><span style=\"color: #3178cc;\"><span style=\"color: #3178cc;\"><span style=\"color: #3366ff;\">Sp\u00e9cial: Pr\u00e9paiement 3 mois ou plus, $450\/mois. Pr\u00e9paiement 6 mois ou plus, $399\/mois.\u00a0<\/span><\/span><\/span><span style=\"color: #3178cc;\"><br \/>\n<\/span><\/td>\n<\/tr>\n<\/tbody>\n<\/table>\n<\/div>\n<\/div><div class=\"fusion-sep-clear\"><\/div><div class=\"fusion-separator fusion-full-width-sep\" style=\"margin-left: auto;margin-right: auto;margin-top:30px;width:100%;\"><\/div><div class=\"fusion-sep-clear\"><\/div><div class=\"fusion-text fusion-text-3\" style=\"--awb-text-transform:none;\"><div class=\"table-1\">\n<table width=\"100%\">\n<thead>\n<tr>\n<th align=\"left\">HOLLYWOOD<\/th>\n<th align=\"left\">HORAIRE<\/th>\n<th align=\"left\">PRIX MENSUEL<\/th>\n<\/tr>\n<\/thead>\n<tbody>\n<tr>\n<td><b>Matin<\/b><\/td>\n<td><span class=\"aBn\" tabindex=\"0\" data-term=\"goog_1764976176\"><span class=\"aQJ\">830 am-2:30 pm<\/span><\/span> Lu\/Ma\/Mer<\/td>\n<td style=\"text-align: center;\">$499<\/td>\n<\/tr>\n<tr>\n<td><strong>Nuit<\/strong><\/td>\n<td><span class=\"aBn\" tabindex=\"0\" data-term=\"goog_1764976179\"><span class=\"aQJ\">5:30pm-10<\/span><\/span>\u00a0Lu\/Ma\/Mer\/Je<\/td>\n<td style=\"text-align: center;\"><\/td>\n<\/tr>\n<tr>\n<td colspan=\"3\"><span style=\"color: #3178cc;\"><span style=\"color: #3366ff;\">Sp\u00e9cial: Pr\u00e9paiement 3 mois ou plus, $450\/mois. Pr\u00e9paiement 6 mois ou plus, $399\/mois.\u00a0<\/span><\/span><\/td>\n<\/tr>\n<\/tbody>\n<\/table>\n<\/div>\n<\/div><div class=\"fusion-clearfix\"><\/div><\/div><\/div><div class=\"fusion-layout-column fusion_builder_column fusion-builder-column-1 fusion_builder_column_1_3 1_3 fusion-one-third fusion-column-last\" style=\"--awb-bg-size:cover;width:30.6666%;\"><div class=\"fusion-column-wrapper fusion-flex-column-wrapper-legacy\"><div class=\"fusion-widget-area awb-widget-area-element fusion-widget-area-1 fusion-content-widget-area\" style=\"--awb-title-size:20px;--awb-title-color:#2761ab;--awb-padding:0px 0px 0px 0px;\"><div class=\"fusion-additional-widget-content\"><\/div><\/div><div class=\"fusion-clearfix\"><\/div><\/div><\/div><\/div><\/div><div class=\"fusion-fullwidth fullwidth-box fusion-builder-row-2 hundred-percent-fullwidth non-hundred-percent-height-scrolling\" style=\"--awb-border-radius-top-left:0px;--awb-border-radius-top-right:0px;--awb-border-radius-bottom-right:0px;--awb-border-radius-bottom-left:0px;--awb-overflow:visible;--awb-padding-right:30px;--awb-padding-left:30px;--awb-flex-wrap:wrap;\" ><div class=\"fusion-builder-row fusion-row\"><div class=\"fusion-layout-column fusion_builder_column fusion-builder-column-2 fusion_builder_column_1_1 1_1 fusion-one-full fusion-column-first fusion-column-last fusion-column-no-min-height\" style=\"--awb-bg-size:cover;--awb-margin-bottom:0px;\"><div class=\"fusion-column-wrapper fusion-flex-column-wrapper-legacy\"><div class=\"fusion-text fusion-text-4\"><div class=\"fusion-fullwidth fullwidth-box fusion-builder-row-2-1 fusion-parallax-none nonhundred-percent-fullwidth non-hundred-percent-height-scrolling\" style=\"--awb-background-position:center bottom;--awb-border-sizes-top:0px;--awb-border-sizes-bottom:0px;--awb-border-sizes-left:0px;--awb-border-sizes-right:0px;--awb-border-radius-top-left:0px;--awb-border-radius-top-right:0px;--awb-border-radius-bottom-right:0px;--awb-border-radius-bottom-left:0px;--awb-padding-top:90px;--awb-padding-bottom:90px;--awb-background-color:#e2e2e2;--awb-background-image:url(&quot;http:\/\/southbeachlanguages.com\/wp-content\/uploads\/2012\/07\/CTA-Background.jpg&quot;);--awb-background-size:cover;--awb-flex-wrap:wrap;\" ><div class=\"fusion-builder-row fusion-row\"><div class=\"fusion-layout-column fusion_builder_column fusion-builder-column-3 fusion_builder_column_1_2 1_2 fusion-one-half fusion-column-first fusion-column-inner-bg-wrapper\" style=\"--awb-inner-bg-size:cover;width:48%; margin-right: 4%;\"><span class=\"fusion-column-inner-bg hover-type-none\"><a class=\"fusion-column-anchor\" href=\"http:\/\/southbeachlanguages.com\/contact-us\/\"><span class=\"fusion-column-inner-bg-image\"><\/span><\/a><\/span><div class=\"fusion-column-wrapper fusion-flex-column-wrapper-legacy\"><div class=\"fusion-image-element fusion-image-align-center in-legacy-container\" style=\"text-align:center;--awb-caption-title-font-family:var(--h2_typography-font-family);--awb-caption-title-font-weight:var(--h2_typography-font-weight);--awb-caption-title-font-style:var(--h2_typography-font-style);--awb-caption-title-size:var(--h2_typography-font-size);--awb-caption-title-transform:var(--h2_typography-text-transform);--awb-caption-title-line-height:var(--h2_typography-line-height);--awb-caption-title-letter-spacing:var(--h2_typography-letter-spacing);\"><div class=\"imageframe-align-center\"><span class=\" fusion-imageframe imageframe-none imageframe-1 hover-type-none\"><a class=\"fusion-no-lightbox\" href=\"#\" target=\"_self\"><img decoding=\"async\" alt=\"Contact Us\" src=\"http:\/\/southbeachlanguages.com\/wp-content\/uploads\/2012\/07\/Contact-Us-150x150.png\" class=\"img-responsive\"\/><\/a><\/span><\/div><\/div><div class=\"fusion-title title fusion-title-3 fusion-sep-none fusion-title-center fusion-title-text fusion-title-size-three\" style=\"--awb-margin-top:20px;\"><h3 class=\"fusion-title-heading title-heading-center fusion-responsive-typography-calculated\" style=\"margin:0;--fontSize:26;--minFontSize:26;line-height:1.56;\">CONTACT US<\/h3><\/div><div class=\"fusion-clearfix\"><\/div><\/div><\/div><div class=\"fusion-layout-column fusion_builder_column fusion-builder-column-4 fusion_builder_column_1_2 1_2 fusion-one-half fusion-column-last fusion-column-inner-bg-wrapper\" style=\"--awb-inner-bg-size:cover;width:48%;\"><span class=\"fusion-column-inner-bg hover-type-none\"><a class=\"fusion-column-anchor\" href=\"http:\/\/southbeachlanguages.com\/english-test\/\"><span class=\"fusion-column-inner-bg-image\"><\/span><\/a><\/span><div class=\"fusion-column-wrapper fusion-flex-column-wrapper-legacy\"><div class=\"fusion-image-element fusion-image-align-center in-legacy-container\" style=\"text-align:center;--awb-caption-title-font-family:var(--h2_typography-font-family);--awb-caption-title-font-weight:var(--h2_typography-font-weight);--awb-caption-title-font-style:var(--h2_typography-font-style);--awb-caption-title-size:var(--h2_typography-font-size);--awb-caption-title-transform:var(--h2_typography-text-transform);--awb-caption-title-line-height:var(--h2_typography-line-height);--awb-caption-title-letter-spacing:var(--h2_typography-letter-spacing);\"><div class=\"imageframe-align-center\"><span class=\" fusion-imageframe imageframe-none imageframe-2 hover-type-none\"><a class=\"fusion-no-lightbox\" href=\"#\" target=\"_self\"><img decoding=\"async\" alt=\"Take Online English Test\" src=\"http:\/\/southbeachlanguages.com\/wp-content\/uploads\/2012\/07\/English-Test-150x150.png\" class=\"img-responsive\"\/><\/a><\/span><\/div><\/div><div class=\"fusion-title title fusion-title-4 fusion-sep-none fusion-title-center fusion-title-text fusion-title-size-three\" style=\"--awb-margin-top:20px;\"><h3 class=\"fusion-title-heading title-heading-center fusion-responsive-typography-calculated\" style=\"margin:0;--fontSize:26;--minFontSize:26;line-height:1.56;\">ENGLISH TEST<\/h3><\/div><div class=\"fusion-clearfix\"><\/div><\/div><\/div><\/div><\/div>\n\n<\/div><div class=\"fusion-clearfix\"><\/div><\/div><\/div><\/div><\/div><\/p>\n","protected":false},"excerpt":{"rendered":"","protected":false},"author":9,"featured_media":0,"parent":0,"menu_order":0,"comment_status":"closed","ping_status":"closed","template":"100-width.php","meta":{"footnotes":""},"class_list":["post-5096","page","type-page","status-publish","hentry"],"yoast_head":"<!-- This site is optimized with the Yoast SEO plugin v27.2 - https:\/\/yoast.com\/product\/yoast-seo-wordpress\/ -->\n<title>Les programmes d&#039;Anglais, les cours et les frais de scolarit\u00e9 \u00e0 South Beach languages<\/title>\n<meta name=\"description\" content=\"Notre programme d&#039;Anglais propose des cours le matin et l&#039;apr\u00e8s-midi, les cours vacances et les cours intensifs ainsi que la pr\u00e9paration au TOEFL et Anglais des affaires\" \/>\n<meta name=\"robots\" content=\"index, follow, max-snippet:-1, max-image-preview:large, max-video-preview:-1\" \/>\n<link rel=\"canonical\" href=\"https:\/\/southbeachlanguages.com\/fr\/anglais-intensive\/\" \/>\n<meta property=\"og:locale\" content=\"fr_FR\" \/>\n<meta property=\"og:type\" content=\"article\" \/>\n<meta property=\"og:title\" content=\"Les programmes d&#039;Anglais, les cours et les frais de scolarit\u00e9 \u00e0 South Beach languages\" \/>\n<meta property=\"og:description\" content=\"Notre programme d&#039;Anglais propose des cours le matin et l&#039;apr\u00e8s-midi, les cours vacances et les cours intensifs ainsi que la pr\u00e9paration au TOEFL et Anglais des affaires\" \/>\n<meta property=\"og:url\" content=\"https:\/\/southbeachlanguages.com\/fr\/anglais-intensive\/\" \/>\n<meta property=\"og:site_name\" content=\"South Beach Languages\" \/>\n<meta property=\"article:modified_time\" content=\"2025-02-20T20:59:36+00:00\" \/>\n<meta name=\"twitter:label1\" content=\"Dur\u00e9e de lecture estim\u00e9e\" \/>\n\t<meta name=\"twitter:data1\" content=\"2 minutes\" \/>\n<script type=\"application\/ld+json\" class=\"yoast-schema-graph\">{\"@context\":\"https:\/\/schema.org\",\"@graph\":[{\"@type\":\"WebPage\",\"@id\":\"https:\/\/southbeachlanguages.com\/fr\/anglais-intensive\/\",\"url\":\"https:\/\/southbeachlanguages.com\/fr\/anglais-intensive\/\",\"name\":\"Les programmes d'Anglais, les cours et les frais de scolarit\u00e9 \u00e0 South Beach languages\",\"isPartOf\":{\"@id\":\"https:\/\/southbeachlanguages.com\/ru\/#website\"},\"datePublished\":\"2013-07-08T00:30:56+00:00\",\"dateModified\":\"2025-02-20T20:59:36+00:00\",\"description\":\"Notre programme d'Anglais propose des cours le matin et l'apr\u00e8s-midi, les cours vacances et les cours intensifs ainsi que la pr\u00e9paration au TOEFL et Anglais des affaires\",\"breadcrumb\":{\"@id\":\"https:\/\/southbeachlanguages.com\/fr\/anglais-intensive\/#breadcrumb\"},\"inLanguage\":\"fr-FR\",\"potentialAction\":[{\"@type\":\"ReadAction\",\"target\":[\"https:\/\/southbeachlanguages.com\/fr\/anglais-intensive\/\"]}]},{\"@type\":\"BreadcrumbList\",\"@id\":\"https:\/\/southbeachlanguages.com\/fr\/anglais-intensive\/#breadcrumb\",\"itemListElement\":[{\"@type\":\"ListItem\",\"position\":1,\"name\":\"Home\",\"item\":\"https:\/\/southbeachlanguages.com\/fr\/\"},{\"@type\":\"ListItem\",\"position\":2,\"name\":\"Anglais Intensive\"}]},{\"@type\":\"WebSite\",\"@id\":\"https:\/\/southbeachlanguages.com\/ru\/#website\",\"url\":\"https:\/\/southbeachlanguages.com\/ru\/\",\"name\":\"South Beach Languages\",\"description\":\"Language Schools in Miami and Hollywood - Learn English\",\"potentialAction\":[{\"@type\":\"SearchAction\",\"target\":{\"@type\":\"EntryPoint\",\"urlTemplate\":\"https:\/\/southbeachlanguages.com\/ru\/?s={search_term_string}\"},\"query-input\":{\"@type\":\"PropertyValueSpecification\",\"valueRequired\":true,\"valueName\":\"search_term_string\"}}],\"inLanguage\":\"fr-FR\"}]}<\/script>\n<!-- \/ Yoast SEO plugin. -->","yoast_head_json":{"title":"Les programmes d'Anglais, les cours et les frais de scolarit\u00e9 \u00e0 South Beach languages","description":"Notre programme d'Anglais propose des cours le matin et l'apr\u00e8s-midi, les cours vacances et les cours intensifs ainsi que la pr\u00e9paration au TOEFL et Anglais des affaires","robots":{"index":"index","follow":"follow","max-snippet":"max-snippet:-1","max-image-preview":"max-image-preview:large","max-video-preview":"max-video-preview:-1"},"canonical":"https:\/\/southbeachlanguages.com\/fr\/anglais-intensive\/","og_locale":"fr_FR","og_type":"article","og_title":"Les programmes d'Anglais, les cours et les frais de scolarit\u00e9 \u00e0 South Beach languages","og_description":"Notre programme d'Anglais propose des cours le matin et l'apr\u00e8s-midi, les cours vacances et les cours intensifs ainsi que la pr\u00e9paration au TOEFL et Anglais des affaires","og_url":"https:\/\/southbeachlanguages.com\/fr\/anglais-intensive\/","og_site_name":"South Beach Languages","article_modified_time":"2025-02-20T20:59:36+00:00","twitter_misc":{"Dur\u00e9e de lecture estim\u00e9e":"2 minutes"},"schema":{"@context":"https:\/\/schema.org","@graph":[{"@type":"WebPage","@id":"https:\/\/southbeachlanguages.com\/fr\/anglais-intensive\/","url":"https:\/\/southbeachlanguages.com\/fr\/anglais-intensive\/","name":"Les programmes d'Anglais, les cours et les frais de scolarit\u00e9 \u00e0 South Beach languages","isPartOf":{"@id":"https:\/\/southbeachlanguages.com\/ru\/#website"},"datePublished":"2013-07-08T00:30:56+00:00","dateModified":"2025-02-20T20:59:36+00:00","description":"Notre programme d'Anglais propose des cours le matin et l'apr\u00e8s-midi, les cours vacances et les cours intensifs ainsi que la pr\u00e9paration au TOEFL et Anglais des affaires","breadcrumb":{"@id":"https:\/\/southbeachlanguages.com\/fr\/anglais-intensive\/#breadcrumb"},"inLanguage":"fr-FR","potentialAction":[{"@type":"ReadAction","target":["https:\/\/southbeachlanguages.com\/fr\/anglais-intensive\/"]}]},{"@type":"BreadcrumbList","@id":"https:\/\/southbeachlanguages.com\/fr\/anglais-intensive\/#breadcrumb","itemListElement":[{"@type":"ListItem","position":1,"name":"Home","item":"https:\/\/southbeachlanguages.com\/fr\/"},{"@type":"ListItem","position":2,"name":"Anglais Intensive"}]},{"@type":"WebSite","@id":"https:\/\/southbeachlanguages.com\/ru\/#website","url":"https:\/\/southbeachlanguages.com\/ru\/","name":"South Beach Languages","description":"Language Schools in Miami and Hollywood - Learn English","potentialAction":[{"@type":"SearchAction","target":{"@type":"EntryPoint","urlTemplate":"https:\/\/southbeachlanguages.com\/ru\/?s={search_term_string}"},"query-input":{"@type":"PropertyValueSpecification","valueRequired":true,"valueName":"search_term_string"}}],"inLanguage":"fr-FR"}]}},"_links":{"self":[{"href":"https:\/\/sbl.edu\/fr\/wp-json\/wp\/v2\/pages\/5096","targetHints":{"allow":["GET"]}}],"collection":[{"href":"https:\/\/sbl.edu\/fr\/wp-json\/wp\/v2\/pages"}],"about":[{"href":"https:\/\/sbl.edu\/fr\/wp-json\/wp\/v2\/types\/page"}],"author":[{"embeddable":true,"href":"https:\/\/sbl.edu\/fr\/wp-json\/wp\/v2\/users\/9"}],"replies":[{"embeddable":true,"href":"https:\/\/sbl.edu\/fr\/wp-json\/wp\/v2\/comments?post=5096"}],"version-history":[{"count":5,"href":"https:\/\/sbl.edu\/fr\/wp-json\/wp\/v2\/pages\/5096\/revisions"}],"predecessor-version":[{"id":20114,"href":"https:\/\/sbl.edu\/fr\/wp-json\/wp\/v2\/pages\/5096\/revisions\/20114"}],"wp:attachment":[{"href":"https:\/\/sbl.edu\/fr\/wp-json\/wp\/v2\/media?parent=5096"}],"curies":[{"name":"wp","href":"https:\/\/api.w.org\/{rel}","templated":true}]}}