{"id":5123,"date":"2013-06-28T01:17:29","date_gmt":"2013-06-28T01:17:29","guid":{"rendered":"http:\/\/southbeachlanguages.com\/?page_id=5123"},"modified":"2024-02-15T02:39:06","modified_gmt":"2024-02-15T07:39:06","slug":"apply-from-your-country","status":"publish","type":"page","link":"https:\/\/sbl.edu\/fr\/apply-from-your-country\/","title":{"rendered":"Inscription de ton pays"},"content":{"rendered":"<p><div class=\"fusion-fullwidth fullwidth-box fusion-builder-row-1 hundred-percent-fullwidth non-hundred-percent-height-scrolling\" style=\"--awb-background-position:left top;--awb-border-sizes-top:0px;--awb-border-sizes-bottom:0px;--awb-border-sizes-left:0px;--awb-border-sizes-right:0px;--awb-border-radius-top-left:0px;--awb-border-radius-top-right:0px;--awb-border-radius-bottom-right:0px;--awb-border-radius-bottom-left:0px;--awb-padding-top:20px;--awb-padding-right:0px;--awb-padding-bottom:20px;--awb-padding-left:30px;--awb-flex-wrap:wrap;\" ><div class=\"fusion-builder-row fusion-row\"><div class=\"fusion-layout-column fusion_builder_column fusion-builder-column-0 fusion_builder_column_2_3 2_3 fusion-two-third fusion-column-first\" style=\"--awb-bg-size:cover;width:65.3333%; margin-right: 4%;\"><div class=\"fusion-column-wrapper fusion-flex-column-wrapper-legacy\"><div class=\"fusion-title title fusion-title-1 fusion-title-text fusion-title-size-two\"><h2 class=\"fusion-title-heading title-heading-left fusion-responsive-typography-calculated\" style=\"margin:0;--fontSize:36;line-height:1;\">Processus pour le &lsquo;Initial F1 Visa?<br \/>\n(Application pour la premi\u00e8re fois)<\/h2><span class=\"awb-title-spacer\"><\/span><div class=\"title-sep-container\"><div class=\"title-sep sep-single sep-solid\" style=\"border-color:#e0dede;\"><\/div><\/div><\/div><div class=\"fusion-text fusion-text-1\"><p>Veuillez envoyer les informations suivantes par e-mail \u00e0 <a href=\"mailto:marielisa@southbeachlanguages.com\">info@southbeachlanguages.com<\/a><\/p>\n<\/div><ul style=\"--awb-iconcolor:#747474;--awb-line-height:27.2px;--awb-icon-width:27.2px;--awb-icon-height:27.2px;--awb-icon-margin:11.2px;--awb-content-margin:38.4px;\" class=\"fusion-checklist fusion-checklist-1 fusion-checklist-default type-icons\"><li class=\"fusion-li-item\" style=\"\"><span class=\"icon-wrapper circle-no\"><i class=\"fusion-li-icon fa-check fas\" aria-hidden=\"true\"><\/i><\/span><div class=\"fusion-li-item-content\">\n<p>Application Form<\/p>\n<\/div><\/li><li class=\"fusion-li-item\" style=\"\"><span class=\"icon-wrapper circle-no\"><i class=\"fusion-li-icon fa-check fas\" aria-hidden=\"true\"><\/i><\/span><div class=\"fusion-li-item-content\">\n<p>Passeport<\/p>\n<\/div><\/li><li class=\"fusion-li-item\" style=\"\"><span class=\"icon-wrapper circle-no\"><i class=\"fusion-li-icon fa-check fas\" aria-hidden=\"true\"><\/i><\/span><div class=\"fusion-li-item-content\">\n<p>Un relev\u00e9 bancaire r\u00e9cent ou une lettre de la banque, en Anglais, prouvant la solvabilit\u00e9 financi\u00e8re.\u00a0Si les fonds proviennent d\u2019une autre source que de l\u2019\u00e9tudiant il nous faut aussi le\u00a0&lsquo;<a href=\"http:\/\/southbeachlanguages.com\/Forms\/Affid\">Affidavit Form<\/a>&lsquo;.<\/p>\n<\/div><\/li><\/ul><div class=\"fusion-text fusion-text-2\"><p>Une fois approv\u00e9:<\/p>\n<\/div><ul style=\"--awb-iconcolor:#747474;--awb-line-height:27.2px;--awb-icon-width:27.2px;--awb-icon-height:27.2px;--awb-icon-margin:11.2px;--awb-content-margin:38.4px;\" class=\"fusion-checklist fusion-checklist-2 fusion-checklist-default type-icons\"><li class=\"fusion-li-item\" style=\"\"><span class=\"icon-wrapper circle-no\"><i class=\"fusion-li-icon fa fa-check\" aria-hidden=\"true\"><\/i><\/span><div class=\"fusion-li-item-content\">South Beach Languages vous enverra par courrier express le formulaire I-20 (entre 5 et 7 jours ouvr\u00e9s).<\/div><\/li><li class=\"fusion-li-item\" style=\"\"><span class=\"icon-wrapper circle-no\"><i class=\"fusion-li-icon fa fa-check\" aria-hidden=\"true\"><\/i><\/span><div class=\"fusion-li-item-content\">Allez sur\u00a0<span style=\"color: #3366ff;\"><a title=\"\" href=\"https:\/\/www.fmjfee.com\/\" target=\"_blank\" rel=\"noopener noreferrer\">fmjfee.com<\/a>\u00a0<\/span>pour payer $350 de frais de SEVIS 901. Vous aurez besoin de votre num\u00e9ro de I-20 pour le faire. Vous imprimez la confirmation de paiement.<\/div><\/li><li class=\"fusion-li-item\" style=\"\"><span class=\"icon-wrapper circle-no\"><i class=\"fusion-li-icon fa fa-check\" aria-hidden=\"true\"><\/i><\/span><div class=\"fusion-li-item-content\">Prenez un rendez-vous a l&rsquo;Ambassade des USA. \u00a0Vous devrez payer les frais de visa qui change r\u00e9guli\u00e8rement: <a title=\"US Enbassy Site\" href=\"https:\/\/www.usembassy.gov\/\" target=\"_blank\" rel=\"noopener noreferrer\">www.usembassy.gov<\/a><\/div><\/li><li class=\"fusion-li-item\" style=\"\"><span class=\"icon-wrapper circle-no\"><i class=\"fusion-li-icon fa fa-check\" aria-hidden=\"true\"><\/i><\/span><div class=\"fusion-li-item-content\">Si approuv\u00e9, r\u00e9servez votre vol!<\/div><\/li><\/ul><div class=\"fusion-title title fusion-title-2 fusion-title-text fusion-title-size-two\" style=\"--awb-margin-top:80px;--awb-margin-bottom:30px;\"><h2 class=\"fusion-title-heading title-heading-left fusion-responsive-typography-calculated\" style=\"margin:0;--fontSize:36;line-height:1;\">F1 Pr\u00e9peration<\/h2><span class=\"awb-title-spacer\"><\/span><div class=\"title-sep-container\"><div class=\"title-sep sep-single sep-solid\" style=\"border-color:#e0dede;\"><\/div><\/div><\/div><div class=\"fusion-text fusion-text-3\"><div class=\"fusion-tabs fusion-tabs-1 classic nav-is-justified horizontal-tabs icon-position-left mobile-mode-accordion\" style=\"--awb-title-border-radius-top-left:0px;--awb-title-border-radius-top-right:0px;--awb-title-border-radius-bottom-right:0px;--awb-title-border-radius-bottom-left:0px;--awb-inactive-color:#f7f7f7;--awb-background-color:#ffffff;--awb-border-color:#f7f7f7;--awb-active-border-color:#2761ab;\"><div class=\"nav\"><ul class=\"nav-tabs nav-justified\" role=\"tablist\"><li class=\"active\" role=\"presentation\"><a class=\"tab-link\" data-toggle=\"tab\" role=\"tab\" aria-controls=\"tab-73f264ab6ee13ef7e25\" aria-selected=\"true\" id=\"fusion-tab-avantd&#039;arriver\" href=\"#tab-73f264ab6ee13ef7e25\"><h4 class=\"fusion-tab-heading\">Avant d'arriver<\/h4><\/a><\/li><li role=\"presentation\"><a class=\"tab-link\" data-toggle=\"tab\" role=\"tab\" aria-controls=\"tab-ab6b5d97abce3dd8f29\" aria-selected=\"false\" tabindex=\"-1\" id=\"fusion-tab-lepremierjourdeclasses\" href=\"#tab-ab6b5d97abce3dd8f29\"><h4 class=\"fusion-tab-heading\">Le premier jour de classes<\/h4><\/a><\/li><\/ul><\/div><div class=\"tab-content\"><div class=\"nav fusion-mobile-tab-nav\"><ul class=\"nav-tabs nav-justified\" role=\"tablist\"><li class=\"active\" role=\"presentation\"><a class=\"tab-link\" data-toggle=\"tab\" role=\"tab\" aria-controls=\"tab-73f264ab6ee13ef7e25\" aria-selected=\"true\" id=\"mobile-fusion-tab-avantd&#039;arriver\" href=\"#tab-73f264ab6ee13ef7e25\"><h4 class=\"fusion-tab-heading\">Avant d'arriver<\/h4><\/a><\/li><\/ul><\/div><div class=\"tab-pane fade fusion-clearfix in active\" role=\"tabpanel\" tabindex=\"0\" aria-labelledby=\"fusion-tab-avantd&#039;arriver\" id=\"tab-73f264ab6ee13ef7e25\">\n<ul style=\"--awb-iconcolor:#747474;--awb-line-height:27.2px;--awb-icon-width:27.2px;--awb-icon-height:27.2px;--awb-icon-margin:11.2px;--awb-content-margin:38.4px;\" class=\"fusion-checklist fusion-checklist-3 fusion-checklist-default type-icons\"><\/p>\n\n<li class=\"fusion-li-item\" style=\"\"><span class=\"icon-wrapper circle-no\"><i class=\"fusion-li-icon fa fa-check\" aria-hidden=\"true\"><\/i><\/span><div class=\"fusion-li-item-content\">Quand votre visa et approv\u00e9 vous pouvez r\u00e9server le vol. Par la loi vous pouvez arriver au Etats-Unis jusqu&rsquo;\u00e0 30 jours avant la date de d\u00e9but de votre programme.<\/div><\/li>\n<li class=\"fusion-li-item\" style=\"\"><span class=\"icon-wrapper circle-no\"><i class=\"fusion-li-icon fa fa-check\" aria-hidden=\"true\"><\/i><\/span><div class=\"fusion-li-item-content\">Nous recommandons d&rsquo;apporter beaucoup de v\u00eatements l\u00e9gers que le sud de la Floride b\u00e9n\u00e9ficie d&rsquo;une temp\u00e9rature globale de 30\u00a0degr\u00e9s toute l&rsquo;ann\u00e9e, avec des mois plus froids de D\u00e9cembre-F\u00e9vrier.<\/div><\/li>\n<li class=\"fusion-li-item\" style=\"\"><span class=\"icon-wrapper circle-no\"><i class=\"fusion-li-icon fa fa-check\" aria-hidden=\"true\"><\/i><\/span><div class=\"fusion-li-item-content\">Le jour du voyage, n&rsquo;oubliez pas d&rsquo;apporter votre passeport I-20 avec votre visa F1, votre re\u00e7u de paiement SEVIS et votre documentation financi\u00e8re. Ne les laissez pas dans votre valise, car vous passerez par l&rsquo;immigration avant de r\u00e9cup\u00e9rer vos valises de Baggage Claim.<\/div><\/li>\n\n<p><\/ul>\n<\/div><div class=\"nav fusion-mobile-tab-nav\"><ul class=\"nav-tabs nav-justified\" role=\"tablist\"><li role=\"presentation\"><a class=\"tab-link\" data-toggle=\"tab\" role=\"tab\" aria-controls=\"tab-ab6b5d97abce3dd8f29\" aria-selected=\"false\" tabindex=\"-1\" id=\"mobile-fusion-tab-lepremierjourdeclasses\" href=\"#tab-ab6b5d97abce3dd8f29\"><h4 class=\"fusion-tab-heading\">Le premier jour de classes<\/h4><\/a><\/li><\/ul><\/div><div class=\"tab-pane fade fusion-clearfix\" role=\"tabpanel\" tabindex=\"0\" aria-labelledby=\"fusion-tab-avantd&#039;arriver\" id=\"tab-ab6b5d97abce3dd8f29\">\n<ul style=\"--awb-iconcolor:#747474;--awb-line-height:27.2px;--awb-icon-width:27.2px;--awb-icon-height:27.2px;--awb-icon-margin:11.2px;--awb-content-margin:38.4px;\" class=\"fusion-checklist fusion-checklist-4 fusion-checklist-default type-icons\"><\/p>\n\n<li class=\"fusion-li-item\" style=\"\"><span class=\"icon-wrapper circle-no\"><i class=\"fusion-li-icon fa fa-check\" aria-hidden=\"true\"><\/i><\/span><div class=\"fusion-li-item-content\">Vous devez vous pr\u00e9senter au responsable de l&rsquo;\u00e9cole \u00e0 South Beach Languages. Veuillez apporter vos documents d&rsquo;arriv\u00e9e.<\/div><\/li>\n<li class=\"fusion-li-item\" style=\"\"><span class=\"icon-wrapper circle-no\"><i class=\"fusion-li-icon fa fa-check\" aria-hidden=\"true\"><\/i><\/span><div class=\"fusion-li-item-content\">On vous donnera un \u00abtest de placement\u00bb pour d\u00e9terminer votre niveau d&rsquo;anglais. Les \u00e9tudiants en F1 doivent assister \u00e0 un minimum de 18 heures par semaine et peuvent commencer leurs cours le lundi. Il ya une option du matin, l&rsquo;apr\u00e8s-midi ou le soir.<\/div><\/li>\n<li class=\"fusion-li-item\" style=\"\"><span class=\"icon-wrapper circle-no\"><i class=\"fusion-li-icon fa fa-check\" aria-hidden=\"true\"><\/i><\/span><div class=\"fusion-li-item-content\">Apr\u00e8s le paiement initial, les \u00e9tudiants peuvent choisir de payer \u00abmois par mois\u00bb ou \u00e0 l&rsquo;avance pour recevoir une r\u00e9duction.<\/div><\/li>\n\n<p><\/ul>\n<\/div><\/div><\/div>\n<\/div><div class=\"fusion-clearfix\"><\/div><\/div><\/div><\/div><\/div><div class=\"fusion-fullwidth fullwidth-box fusion-builder-row-2 hundred-percent-fullwidth non-hundred-percent-height-scrolling\" style=\"--awb-border-radius-top-left:0px;--awb-border-radius-top-right:0px;--awb-border-radius-bottom-right:0px;--awb-border-radius-bottom-left:0px;--awb-overflow:visible;--awb-padding-right:30px;--awb-padding-left:30px;--awb-flex-wrap:wrap;\" ><div class=\"fusion-builder-row fusion-row\"><div class=\"fusion-layout-column fusion_builder_column fusion-builder-column-1 fusion_builder_column_1_1 1_1 fusion-one-full fusion-column-first fusion-column-last fusion-column-no-min-height\" style=\"--awb-bg-size:cover;--awb-margin-bottom:0px;\"><div class=\"fusion-column-wrapper fusion-flex-column-wrapper-legacy\"><div class=\"fusion-text fusion-text-4\"><div class=\"fusion-fullwidth fullwidth-box fusion-builder-row-2-1 fusion-parallax-none nonhundred-percent-fullwidth non-hundred-percent-height-scrolling\" style=\"--awb-background-position:center bottom;--awb-border-sizes-top:0px;--awb-border-sizes-bottom:0px;--awb-border-sizes-left:0px;--awb-border-sizes-right:0px;--awb-border-radius-top-left:0px;--awb-border-radius-top-right:0px;--awb-border-radius-bottom-right:0px;--awb-border-radius-bottom-left:0px;--awb-padding-top:90px;--awb-padding-bottom:90px;--awb-background-color:#e2e2e2;--awb-background-image:url(&quot;http:\/\/southbeachlanguages.com\/wp-content\/uploads\/2012\/07\/CTA-Background.jpg&quot;);--awb-background-size:cover;--awb-flex-wrap:wrap;\" ><div class=\"fusion-builder-row fusion-row\"><div class=\"fusion-layout-column fusion_builder_column fusion-builder-column-2 fusion_builder_column_1_2 1_2 fusion-one-half fusion-column-first fusion-column-inner-bg-wrapper\" style=\"--awb-inner-bg-size:cover;width:48%; margin-right: 4%;\"><span class=\"fusion-column-inner-bg hover-type-none\"><a class=\"fusion-column-anchor\" href=\"http:\/\/southbeachlanguages.com\/contact-us\/\"><span class=\"fusion-column-inner-bg-image\"><\/span><\/a><\/span><div class=\"fusion-column-wrapper fusion-flex-column-wrapper-legacy\"><div class=\"fusion-image-element fusion-image-align-center in-legacy-container\" style=\"text-align:center;--awb-caption-title-font-family:var(--h2_typography-font-family);--awb-caption-title-font-weight:var(--h2_typography-font-weight);--awb-caption-title-font-style:var(--h2_typography-font-style);--awb-caption-title-size:var(--h2_typography-font-size);--awb-caption-title-transform:var(--h2_typography-text-transform);--awb-caption-title-line-height:var(--h2_typography-line-height);--awb-caption-title-letter-spacing:var(--h2_typography-letter-spacing);\"><div class=\"imageframe-align-center\"><span class=\" fusion-imageframe imageframe-none imageframe-1 hover-type-none\"><a class=\"fusion-no-lightbox\" href=\"#\" target=\"_self\"><img decoding=\"async\" alt=\"Contact Us\" src=\"http:\/\/southbeachlanguages.com\/wp-content\/uploads\/2012\/07\/Contact-Us-150x150.png\" class=\"img-responsive\"\/><\/a><\/span><\/div><\/div><div class=\"fusion-title title fusion-title-3 fusion-sep-none fusion-title-center fusion-title-text fusion-title-size-three\" style=\"--awb-margin-top:20px;\"><h3 class=\"fusion-title-heading title-heading-center fusion-responsive-typography-calculated\" style=\"margin:0;--fontSize:26;--minFontSize:26;line-height:1.56;\">CONTACT US<\/h3><\/div><div class=\"fusion-clearfix\"><\/div><\/div><\/div><div class=\"fusion-layout-column fusion_builder_column fusion-builder-column-3 fusion_builder_column_1_2 1_2 fusion-one-half fusion-column-last fusion-column-inner-bg-wrapper\" style=\"--awb-inner-bg-size:cover;width:48%;\"><span class=\"fusion-column-inner-bg hover-type-none\"><a class=\"fusion-column-anchor\" href=\"http:\/\/southbeachlanguages.com\/english-test\/\"><span class=\"fusion-column-inner-bg-image\"><\/span><\/a><\/span><div class=\"fusion-column-wrapper fusion-flex-column-wrapper-legacy\"><div class=\"fusion-image-element fusion-image-align-center in-legacy-container\" style=\"text-align:center;--awb-caption-title-font-family:var(--h2_typography-font-family);--awb-caption-title-font-weight:var(--h2_typography-font-weight);--awb-caption-title-font-style:var(--h2_typography-font-style);--awb-caption-title-size:var(--h2_typography-font-size);--awb-caption-title-transform:var(--h2_typography-text-transform);--awb-caption-title-line-height:var(--h2_typography-line-height);--awb-caption-title-letter-spacing:var(--h2_typography-letter-spacing);\"><div class=\"imageframe-align-center\"><span class=\" fusion-imageframe imageframe-none imageframe-2 hover-type-none\"><a class=\"fusion-no-lightbox\" href=\"#\" target=\"_self\"><img decoding=\"async\" alt=\"Take Online English Test\" src=\"http:\/\/southbeachlanguages.com\/wp-content\/uploads\/2012\/07\/English-Test-150x150.png\" class=\"img-responsive\"\/><\/a><\/span><\/div><\/div><div class=\"fusion-title title fusion-title-4 fusion-sep-none fusion-title-center fusion-title-text fusion-title-size-three\" style=\"--awb-margin-top:20px;\"><h3 class=\"fusion-title-heading title-heading-center fusion-responsive-typography-calculated\" style=\"margin:0;--fontSize:26;--minFontSize:26;line-height:1.56;\">ENGLISH TEST<\/h3><\/div><div class=\"fusion-clearfix\"><\/div><\/div><\/div><\/div><\/div>\n\n<\/div><div class=\"fusion-clearfix\"><\/div><\/div><\/div><\/div><\/div><\/p>\n","protected":false},"excerpt":{"rendered":"","protected":false},"author":8,"featured_media":0,"parent":0,"menu_order":2,"comment_status":"closed","ping_status":"closed","template":"100-width.php","meta":{"footnotes":""},"class_list":["post-5123","page","type-page","status-publish","hentry"],"yoast_head":"<!-- This site is optimized with the Yoast SEO plugin v27.2 - https:\/\/yoast.com\/product\/yoast-seo-wordpress\/ -->\n<title>Inscription de ton pays - South Beach Languages<\/title>\n<meta name=\"robots\" content=\"index, follow, max-snippet:-1, max-image-preview:large, max-video-preview:-1\" \/>\n<link rel=\"canonical\" href=\"https:\/\/southbeachlanguages.com\/fr\/apply-from-your-country\/\" \/>\n<meta property=\"og:locale\" content=\"fr_FR\" \/>\n<meta property=\"og:type\" content=\"article\" \/>\n<meta property=\"og:title\" content=\"Inscription de ton pays - South Beach Languages\" \/>\n<meta property=\"og:url\" content=\"https:\/\/southbeachlanguages.com\/fr\/apply-from-your-country\/\" \/>\n<meta property=\"og:site_name\" content=\"South Beach Languages\" \/>\n<meta property=\"article:modified_time\" content=\"2024-02-15T07:39:06+00:00\" \/>\n<meta name=\"twitter:label1\" content=\"Dur\u00e9e de lecture estim\u00e9e\" \/>\n\t<meta name=\"twitter:data1\" content=\"3 minutes\" \/>\n<script type=\"application\/ld+json\" class=\"yoast-schema-graph\">{\"@context\":\"https:\/\/schema.org\",\"@graph\":[{\"@type\":\"WebPage\",\"@id\":\"https:\/\/southbeachlanguages.com\/fr\/apply-from-your-country\/\",\"url\":\"https:\/\/southbeachlanguages.com\/fr\/apply-from-your-country\/\",\"name\":\"Inscription de ton pays - South Beach Languages\",\"isPartOf\":{\"@id\":\"https:\/\/southbeachlanguages.com\/#website\"},\"datePublished\":\"2013-06-28T01:17:29+00:00\",\"dateModified\":\"2024-02-15T07:39:06+00:00\",\"breadcrumb\":{\"@id\":\"https:\/\/southbeachlanguages.com\/fr\/apply-from-your-country\/#breadcrumb\"},\"inLanguage\":\"fr-FR\",\"potentialAction\":[{\"@type\":\"ReadAction\",\"target\":[\"https:\/\/southbeachlanguages.com\/fr\/apply-from-your-country\/\"]}]},{\"@type\":\"BreadcrumbList\",\"@id\":\"https:\/\/southbeachlanguages.com\/fr\/apply-from-your-country\/#breadcrumb\",\"itemListElement\":[{\"@type\":\"ListItem\",\"position\":1,\"name\":\"Home\",\"item\":\"https:\/\/southbeachlanguages.com\/fr\/\"},{\"@type\":\"ListItem\",\"position\":2,\"name\":\"Inscription de ton pays\"}]},{\"@type\":\"WebSite\",\"@id\":\"https:\/\/southbeachlanguages.com\/#website\",\"url\":\"https:\/\/southbeachlanguages.com\/\",\"name\":\"South Beach Languages\",\"description\":\"Language Schools in Miami and Hollywood - Learn English\",\"potentialAction\":[{\"@type\":\"SearchAction\",\"target\":{\"@type\":\"EntryPoint\",\"urlTemplate\":\"https:\/\/southbeachlanguages.com\/?s={search_term_string}\"},\"query-input\":{\"@type\":\"PropertyValueSpecification\",\"valueRequired\":true,\"valueName\":\"search_term_string\"}}],\"inLanguage\":\"fr-FR\"}]}<\/script>\n<!-- \/ Yoast SEO plugin. -->","yoast_head_json":{"title":"Inscription de ton pays - South Beach Languages","robots":{"index":"index","follow":"follow","max-snippet":"max-snippet:-1","max-image-preview":"max-image-preview:large","max-video-preview":"max-video-preview:-1"},"canonical":"https:\/\/southbeachlanguages.com\/fr\/apply-from-your-country\/","og_locale":"fr_FR","og_type":"article","og_title":"Inscription de ton pays - South Beach Languages","og_url":"https:\/\/southbeachlanguages.com\/fr\/apply-from-your-country\/","og_site_name":"South Beach Languages","article_modified_time":"2024-02-15T07:39:06+00:00","twitter_misc":{"Dur\u00e9e de lecture estim\u00e9e":"3 minutes"},"schema":{"@context":"https:\/\/schema.org","@graph":[{"@type":"WebPage","@id":"https:\/\/southbeachlanguages.com\/fr\/apply-from-your-country\/","url":"https:\/\/southbeachlanguages.com\/fr\/apply-from-your-country\/","name":"Inscription de ton pays - South Beach Languages","isPartOf":{"@id":"https:\/\/southbeachlanguages.com\/#website"},"datePublished":"2013-06-28T01:17:29+00:00","dateModified":"2024-02-15T07:39:06+00:00","breadcrumb":{"@id":"https:\/\/southbeachlanguages.com\/fr\/apply-from-your-country\/#breadcrumb"},"inLanguage":"fr-FR","potentialAction":[{"@type":"ReadAction","target":["https:\/\/southbeachlanguages.com\/fr\/apply-from-your-country\/"]}]},{"@type":"BreadcrumbList","@id":"https:\/\/southbeachlanguages.com\/fr\/apply-from-your-country\/#breadcrumb","itemListElement":[{"@type":"ListItem","position":1,"name":"Home","item":"https:\/\/southbeachlanguages.com\/fr\/"},{"@type":"ListItem","position":2,"name":"Inscription de ton pays"}]},{"@type":"WebSite","@id":"https:\/\/southbeachlanguages.com\/#website","url":"https:\/\/southbeachlanguages.com\/","name":"South Beach Languages","description":"Language Schools in Miami and Hollywood - Learn English","potentialAction":[{"@type":"SearchAction","target":{"@type":"EntryPoint","urlTemplate":"https:\/\/southbeachlanguages.com\/?s={search_term_string}"},"query-input":{"@type":"PropertyValueSpecification","valueRequired":true,"valueName":"search_term_string"}}],"inLanguage":"fr-FR"}]}},"_links":{"self":[{"href":"https:\/\/sbl.edu\/fr\/wp-json\/wp\/v2\/pages\/5123","targetHints":{"allow":["GET"]}}],"collection":[{"href":"https:\/\/sbl.edu\/fr\/wp-json\/wp\/v2\/pages"}],"about":[{"href":"https:\/\/sbl.edu\/fr\/wp-json\/wp\/v2\/types\/page"}],"author":[{"embeddable":true,"href":"https:\/\/sbl.edu\/fr\/wp-json\/wp\/v2\/users\/8"}],"replies":[{"embeddable":true,"href":"https:\/\/sbl.edu\/fr\/wp-json\/wp\/v2\/comments?post=5123"}],"version-history":[{"count":1,"href":"https:\/\/sbl.edu\/fr\/wp-json\/wp\/v2\/pages\/5123\/revisions"}],"predecessor-version":[{"id":19790,"href":"https:\/\/sbl.edu\/fr\/wp-json\/wp\/v2\/pages\/5123\/revisions\/19790"}],"wp:attachment":[{"href":"https:\/\/sbl.edu\/fr\/wp-json\/wp\/v2\/media?parent=5123"}],"curies":[{"name":"wp","href":"https:\/\/api.w.org\/{rel}","templated":true}]}}