{"id":8691,"date":"2016-09-16T10:51:40","date_gmt":"2016-09-16T14:51:40","guid":{"rendered":"http:\/\/southbeachlanguages.com\/fr\/visa-faqs\/"},"modified":"2022-11-02T21:38:01","modified_gmt":"2022-11-03T01:38:01","slug":"visa-faqs","status":"publish","type":"page","link":"https:\/\/sbl.edu\/fr\/visa-faqs\/","title":{"rendered":"Questions Fr\u00e9quemment Poss\u00e9es"},"content":{"rendered":"<p><div class=\"fusion-fullwidth fullwidth-box fusion-builder-row-1 hundred-percent-fullwidth non-hundred-percent-height-scrolling\" style=\"--awb-background-position:left top;--awb-border-sizes-top:0px;--awb-border-sizes-bottom:0px;--awb-border-sizes-left:0px;--awb-border-sizes-right:0px;--awb-border-radius-top-left:0px;--awb-border-radius-top-right:0px;--awb-border-radius-bottom-right:0px;--awb-border-radius-bottom-left:0px;--awb-padding-top:20px;--awb-padding-right:0px;--awb-padding-bottom:20px;--awb-padding-left:30px;--awb-flex-wrap:wrap;\" ><div class=\"fusion-builder-row fusion-row\"><div class=\"fusion-layout-column fusion_builder_column fusion-builder-column-0 fusion_builder_column_2_3 2_3 fusion-two-third fusion-column-first\" style=\"--awb-bg-size:cover;width:65.3333%; margin-right: 4%;\"><div class=\"fusion-column-wrapper fusion-flex-column-wrapper-legacy\"><div class=\"fusion-title title fusion-title-1 fusion-title-text fusion-title-size-two\"><h2 class=\"fusion-title-heading title-heading-left fusion-responsive-typography-calculated\" style=\"margin:0;--fontSize:36;line-height:1;\">Questions fr\u00e9quemment poss\u00e9es<\/h2><span class=\"awb-title-spacer\"><\/span><div class=\"title-sep-container\"><div class=\"title-sep sep-single sep-solid\" style=\"border-color:#e0dede;\"><\/div><\/div><\/div><div class=\"fusion-text fusion-text-1\" style=\"--awb-text-transform:none;\"><h3><strong>Ai-je le droit \u00e0 un visa d&rsquo;\u00e9tudiant?<\/strong><\/h3>\n<p>La loi sur l\u2019immigration Am\u00e9ricaine \u00ab\u00a0The Immigration and Nationality Act\u00a0\u00bb exige que les demandeurs de visa \u00e9tudiant remplissent certaines conditions sp\u00e9cifiques. Les consulats d\u00e9termineront\u00a0 si vous remplissez les conditions pour l\u2019obtention du visa. Les candidats doivent prouver qu\u2019ils r\u00e9pondent bien aux exigences du visa \u00e9tudiant y compris\u00a0:<\/p>\n<ul>\n<li>R\u00e9sider \u00e0 l\u2019\u00e9tranger, sans aucune intention imm\u00e9diate d\u2019abandonner cette r\u00e9sidence<\/li>\n<li>L\u2019intention de quitter les \u00c9tats-Unis \u00e0 la fin du programme d\u00e9tudes<\/li>\n<li>Poss\u00e9der suffisamment de fonds pour poursuivre le programme d\u2019\u00e9tudes envisag\u00e9<\/li>\n<\/ul>\n<h3><strong>Quand dois je faire la demande?<\/strong><\/h3>\n<p>Les ambassades\/consulats n\u2019\u00e9mettent le visa F1 que 120 jours au plus t\u00f4t avant la date de rentr\u00e9e acad\u00e9mique indiqu\u00e9e sur le formulaire I-20. Les \u00e9tudiants sont donc encourag\u00e9s de faire leur demande de formulaire I-20 le plus t\u00f4t possible pour laisser suffisement de temps pour le traitement du visa. Il est aussi recommand\u00e9 de ne prendre rendez-vous avec l\u2019ambassade ou le consulat qu\u2019apr\u00e8s avoir re\u00e7u votre formulaire I-20. L\u2019entr\u00e9e aux U.S.A. n\u2019est permise aux \u00e9tudiants que 30 jours avant la date de rentr\u00e9e acad\u00e9mique indiqu\u00e9e sur le formulaire I-20.<\/p>\n<h3><strong><br \/>\n<\/strong><strong>Qu\u2019est ce que le formulaire I-20?<\/strong><\/h3>\n<p>Le formulaire I-20 est le certificat d\u2019\u00e9ligibilit\u00e9 au statut d\u2019\u00e9tudiant F1. Le formulaire I-20 est d\u00e9livr\u00e9 par l\u2019\u00e9cole (South Beach Languages). Le visa F1 est \u00e9mis par le consulat\/l\u2019ambassade Am\u00e9ricaine<\/p>\n<h3><strong>Qu\u2019en est-il de mon conjoint et\/ou personnes \u00e0 charge?<\/strong><\/h3>\n<p>Il est possible pour les conjoints et personnes \u00e0 charge qualifi\u00e9s d\u2019accompagner les \u00e9tudiants visa F1 aux \u00c9tats-Unis en tant que titulaire d\u2019un visa F2. Veuillez contacter le secr\u00e9tariat (school official) pour plus d\u2019informations.<\/p>\n<h3><strong>Ai-je besoin d\u2019une assurance maladie?<\/strong><\/h3>\n<p>Oui. Les \u00e9tudiants sont responsables de l\u2019obtention d\u2019une assurance maladie. Voici une option:\u00a0<a href=\"https:\/\/www.sevencorners.com\/insuranceplans\/studentinsurance\/\">https:\/\/www.sevencorners.com\/insuranceplans\/studentinsurance<\/a><\/p>\n<h3><strong>Est-il possible de prendre des vacances pour les \u00e9tudiants poss\u00e9dant un visa F1?<\/strong><\/h3>\n<p>Oui, cela en fonction de la dur\u00e9e de votre programme.<\/p>\n<h3><strong>Quelles sont les modalit\u00e9s de paiement?<\/strong><\/h3>\n<p>Les \u00e9tudiants peuvent payer la totalit\u00e9 des frais de scolarit\u00e9 \u00e0 l\u2019avance (et obtenir ainsi une r\u00e9duction) ou par mensualit\u00e9s.<\/p>\n<h3><strong>Comment \u00e9valuez\u2013vous le niveau des \u00e9tudiants ?<\/strong><\/h3>\n<p>Un test d\u2019\u00e9valuation est donn\u00e9 le premier jour de cours.<\/p>\n<\/div><div class=\"fusion-title title fusion-title-2 fusion-title-text fusion-title-size-two\" style=\"--awb-margin-top:80px;\"><h2 class=\"fusion-title-heading title-heading-left fusion-responsive-typography-calculated\" style=\"margin:0;--fontSize:36;line-height:1;\">Links<\/h2><span class=\"awb-title-spacer\"><\/span><div class=\"title-sep-container\"><div class=\"title-sep sep-single sep-solid\" style=\"border-color:#e0dede;\"><\/div><\/div><\/div><ul style=\"--awb-iconcolor:#747474;--awb-line-height:27.2px;--awb-icon-width:27.2px;--awb-icon-height:27.2px;--awb-icon-margin:11.2px;--awb-content-margin:38.4px;\" class=\"fusion-checklist fusion-checklist-1 fusion-checklist-default type-icons\">\n\n<li class=\"fusion-li-item\" style=\"\"><span class=\"icon-wrapper circle-no\"><i class=\"fusion-li-icon fa fa-check\" aria-hidden=\"true\"><\/i><\/span><div class=\"fusion-li-item-content\">Comment faire un rendez-vous avec L&rsquo;Embassade Americane dans votre pays (apr\u00e8s avour re\u00e7u I-20 de South Beach Languages): <a href=\"https:\/\/www.usembassy.gov\/\" target=\"_blank\" rel=\"noopener noreferrer\">www.usembassy.gov<\/a><\/div><\/li>\n<li class=\"fusion-li-item\" style=\"\"><span class=\"icon-wrapper circle-no\"><i class=\"fusion-li-icon fa fa-check\" aria-hidden=\"true\"><\/i><\/span><div class=\"fusion-li-item-content\">Payer &lsquo;SEVIS fee&rsquo; avant le rendez-vous \u00e0 l&rsquo;Embassade: <a href=\"https:\/\/www.fmjfee.com\/i901fee\/index.jsp\" target=\"_blank\" rel=\"noopener noreferrer\">SEVIS I-901 fee processing website.<\/a><\/div><\/li>\n<li class=\"fusion-li-item\" style=\"\"><span class=\"icon-wrapper circle-no\"><i class=\"fusion-li-icon fa fa-check\" aria-hidden=\"true\"><\/i><\/span><div class=\"fusion-li-item-content\">Les \u00e9tudiants sont responsables de l\u2019obtention d\u2019une assurance maladie. Voici des optionnes:\u00a0:<br \/>\n<a href=\"https:\/\/www.sevencorners.com\/insuranceplans\/studentinsurance\/\" target=\"_blank\" rel=\"noopener noreferrer\">https:\/\/www.sevencorners.com<\/a><br \/>\n<a href=\"https:\/\/www.internationalstudentinsurance.com\/\">https:\/\/www.internationalstudentinsurance.com\/<\/a><\/div><\/li>\n\n<\/ul><div class=\"fusion-clearfix\"><\/div><\/div><\/div><div class=\"fusion-layout-column fusion_builder_column fusion-builder-column-1 fusion_builder_column_1_3 1_3 fusion-one-third fusion-column-last\" style=\"--awb-padding-top:30px;--awb-padding-right:30px;--awb-padding-bottom:30px;--awb-padding-left:30px;--awb-bg-color:#f7f7f7;--awb-bg-color-hover:#f7f7f7;--awb-bg-size:cover;width:30.6666%;\"><div class=\"fusion-column-wrapper fusion-flex-column-wrapper-legacy\"><div class=\"fusion-title title fusion-title-3 fusion-title-text fusion-title-size-three\"><h3 class=\"fusion-title-heading title-heading-left fusion-responsive-typography-calculated\" style=\"margin:0;--fontSize:26;--minFontSize:26;line-height:1.56;\">Video Guide<\/h3><span class=\"awb-title-spacer\"><\/span><div class=\"title-sep-container\"><div class=\"title-sep sep-single sep-solid\" style=\"border-color:#e0dede;\"><\/div><\/div><\/div><div class=\"fusion-video fusion-youtube\" style=\"--awb-max-width:600px;--awb-max-height:350px;\"><div class=\"video-shortcode\"><div class=\"fluid-width-video-wrapper\" style=\"padding-top:58.33%;\" ><iframe title=\"YouTube video player 1\" src=\"https:\/\/www.youtube.com\/embed\/e9kNZk0PfKs?wmode=transparent&autoplay=0&amp;rel=0\" width=\"600\" height=\"350\" allowfullscreen allow=\"autoplay; fullscreen\"><\/iframe><\/div><\/div><\/div><div class=\"fusion-title title fusion-title-4 fusion-title-text fusion-title-size-three\" style=\"--awb-margin-top:50px;\"><h3 class=\"fusion-title-heading title-heading-left fusion-responsive-typography-calculated\" style=\"margin:0;--fontSize:26;--minFontSize:26;line-height:1.56;\">Forms<\/h3><span class=\"awb-title-spacer\"><\/span><div class=\"title-sep-container\"><div class=\"title-sep sep-single sep-solid\" style=\"border-color:#e0dede;\"><\/div><\/div><\/div><ul style=\"--awb-iconcolor:#747474;--awb-line-height:27.2px;--awb-icon-width:27.2px;--awb-icon-height:27.2px;--awb-icon-margin:11.2px;--awb-content-margin:38.4px;\" class=\"fusion-checklist fusion-checklist-2 fusion-checklist-default type-icons\">\n\n<li class=\"fusion-li-item\" style=\"\"><span class=\"icon-wrapper circle-no\"><i class=\"fusion-li-icon fa fa-check\" aria-hidden=\"true\"><\/i><\/span><div class=\"fusion-li-item-content\"><a href=\"http:\/\/southbeachlanguages.com\/Forms\/Affidavit_Support.pdf\" target=\"_blank\" rel=\"noopener noreferrer\">Affidavit Form<\/a>. (If funds are coming from another source other than student)<\/div><\/li>\n<li class=\"fusion-li-item\" style=\"\"><span class=\"icon-wrapper circle-no\"><i class=\"fusion-li-icon fa fa-check\" aria-hidden=\"true\"><\/i><\/span><div class=\"fusion-li-item-content\"><a href=\"http:\/\/southbeachlanguages.com\/Forms\/App-English.pdf\" target=\"_blank\" rel=\"noopener noreferrer\">I-20 Application Form<\/a><\/div><\/li>\n<li class=\"fusion-li-item\" style=\"\"><span class=\"icon-wrapper circle-no\"><i class=\"fusion-li-icon fa fa-check\" aria-hidden=\"true\"><\/i><\/span><div class=\"fusion-li-item-content\"><a href=\"\/Forms\/Transfer_Student_Form.pdf\" target=\"_blank\" rel=\"noopener noreferrer\">Transfer Form<\/a><\/div><\/li>\n\n<\/ul><div class=\"fusion-clearfix\"><\/div><\/div><\/div><\/div><\/div><div class=\"fusion-fullwidth fullwidth-box fusion-builder-row-2 hundred-percent-fullwidth non-hundred-percent-height-scrolling\" style=\"--awb-border-radius-top-left:0px;--awb-border-radius-top-right:0px;--awb-border-radius-bottom-right:0px;--awb-border-radius-bottom-left:0px;--awb-overflow:visible;--awb-padding-right:30px;--awb-padding-left:30px;--awb-flex-wrap:wrap;\" ><div class=\"fusion-builder-row fusion-row\"><div class=\"fusion-layout-column fusion_builder_column fusion-builder-column-2 fusion_builder_column_1_1 1_1 fusion-one-full fusion-column-first fusion-column-last fusion-column-no-min-height\" style=\"--awb-bg-size:cover;--awb-margin-bottom:0px;\"><div class=\"fusion-column-wrapper fusion-flex-column-wrapper-legacy\"><div class=\"fusion-text fusion-text-2\"><div class=\"fusion-fullwidth fullwidth-box fusion-builder-row-2-1 fusion-parallax-none nonhundred-percent-fullwidth non-hundred-percent-height-scrolling\" style=\"--awb-background-position:center bottom;--awb-border-sizes-top:0px;--awb-border-sizes-bottom:0px;--awb-border-sizes-left:0px;--awb-border-sizes-right:0px;--awb-border-radius-top-left:0px;--awb-border-radius-top-right:0px;--awb-border-radius-bottom-right:0px;--awb-border-radius-bottom-left:0px;--awb-padding-top:90px;--awb-padding-bottom:90px;--awb-background-color:#e2e2e2;--awb-background-image:url(&quot;http:\/\/southbeachlanguages.com\/wp-content\/uploads\/2012\/07\/CTA-Background.jpg&quot;);--awb-background-size:cover;--awb-flex-wrap:wrap;\" ><div class=\"fusion-builder-row fusion-row\"><div class=\"fusion-layout-column fusion_builder_column fusion-builder-column-3 fusion_builder_column_1_2 1_2 fusion-one-half fusion-column-first fusion-column-inner-bg-wrapper\" style=\"--awb-inner-bg-size:cover;width:48%; margin-right: 4%;\"><span class=\"fusion-column-inner-bg hover-type-none\"><a class=\"fusion-column-anchor\" href=\"http:\/\/southbeachlanguages.com\/contact-us\/\"><span class=\"fusion-column-inner-bg-image\"><\/span><\/a><\/span><div class=\"fusion-column-wrapper fusion-flex-column-wrapper-legacy\"><div class=\"fusion-image-element fusion-image-align-center in-legacy-container\" style=\"text-align:center;--awb-caption-title-font-family:var(--h2_typography-font-family);--awb-caption-title-font-weight:var(--h2_typography-font-weight);--awb-caption-title-font-style:var(--h2_typography-font-style);--awb-caption-title-size:var(--h2_typography-font-size);--awb-caption-title-transform:var(--h2_typography-text-transform);--awb-caption-title-line-height:var(--h2_typography-line-height);--awb-caption-title-letter-spacing:var(--h2_typography-letter-spacing);\"><div class=\"imageframe-align-center\"><span class=\" fusion-imageframe imageframe-none imageframe-1 hover-type-none\"><a class=\"fusion-no-lightbox\" href=\"#\" target=\"_self\"><img decoding=\"async\" alt=\"Contact Us\" src=\"http:\/\/southbeachlanguages.com\/wp-content\/uploads\/2012\/07\/Contact-Us-150x150.png\" class=\"img-responsive\"\/><\/a><\/span><\/div><\/div><div class=\"fusion-title title fusion-title-5 fusion-sep-none fusion-title-center fusion-title-text fusion-title-size-three\" style=\"--awb-margin-top:20px;\"><h3 class=\"fusion-title-heading title-heading-center fusion-responsive-typography-calculated\" style=\"margin:0;--fontSize:26;--minFontSize:26;line-height:1.56;\">CONTACT US<\/h3><\/div><div class=\"fusion-clearfix\"><\/div><\/div><\/div><div class=\"fusion-layout-column fusion_builder_column fusion-builder-column-4 fusion_builder_column_1_2 1_2 fusion-one-half fusion-column-last fusion-column-inner-bg-wrapper\" style=\"--awb-inner-bg-size:cover;width:48%;\"><span class=\"fusion-column-inner-bg hover-type-none\"><a class=\"fusion-column-anchor\" href=\"http:\/\/southbeachlanguages.com\/english-test\/\"><span class=\"fusion-column-inner-bg-image\"><\/span><\/a><\/span><div class=\"fusion-column-wrapper fusion-flex-column-wrapper-legacy\"><div class=\"fusion-image-element fusion-image-align-center in-legacy-container\" style=\"text-align:center;--awb-caption-title-font-family:var(--h2_typography-font-family);--awb-caption-title-font-weight:var(--h2_typography-font-weight);--awb-caption-title-font-style:var(--h2_typography-font-style);--awb-caption-title-size:var(--h2_typography-font-size);--awb-caption-title-transform:var(--h2_typography-text-transform);--awb-caption-title-line-height:var(--h2_typography-line-height);--awb-caption-title-letter-spacing:var(--h2_typography-letter-spacing);\"><div class=\"imageframe-align-center\"><span class=\" fusion-imageframe imageframe-none imageframe-2 hover-type-none\"><a class=\"fusion-no-lightbox\" href=\"#\" target=\"_self\"><img decoding=\"async\" alt=\"Take Online English Test\" src=\"http:\/\/southbeachlanguages.com\/wp-content\/uploads\/2012\/07\/English-Test-150x150.png\" class=\"img-responsive\"\/><\/a><\/span><\/div><\/div><div class=\"fusion-title title fusion-title-6 fusion-sep-none fusion-title-center fusion-title-text fusion-title-size-three\" style=\"--awb-margin-top:20px;\"><h3 class=\"fusion-title-heading title-heading-center fusion-responsive-typography-calculated\" style=\"margin:0;--fontSize:26;--minFontSize:26;line-height:1.56;\">ENGLISH TEST<\/h3><\/div><div class=\"fusion-clearfix\"><\/div><\/div><\/div><\/div><\/div>\n\n<\/div><div class=\"fusion-clearfix\"><\/div><\/div><\/div><\/div><\/div><\/p>\n","protected":false},"excerpt":{"rendered":"","protected":false},"author":1,"featured_media":0,"parent":0,"menu_order":2,"comment_status":"closed","ping_status":"closed","template":"100-width.php","meta":{"footnotes":""},"class_list":["post-8691","page","type-page","status-publish","hentry"],"yoast_head":"<!-- This site is optimized with the Yoast SEO plugin v27.2 - https:\/\/yoast.com\/product\/yoast-seo-wordpress\/ -->\n<title>Questions Fr\u00e9quemment Poss\u00e9es - South Beach Languages<\/title>\n<meta name=\"robots\" content=\"index, follow, max-snippet:-1, max-image-preview:large, max-video-preview:-1\" \/>\n<link rel=\"canonical\" href=\"https:\/\/southbeachlanguages.com\/fr\/visa-faqs\/\" \/>\n<meta property=\"og:locale\" content=\"fr_FR\" \/>\n<meta property=\"og:type\" content=\"article\" \/>\n<meta property=\"og:title\" content=\"Questions Fr\u00e9quemment Poss\u00e9es - South Beach Languages\" \/>\n<meta property=\"og:url\" content=\"https:\/\/southbeachlanguages.com\/fr\/visa-faqs\/\" \/>\n<meta property=\"og:site_name\" content=\"South Beach Languages\" \/>\n<meta property=\"article:modified_time\" content=\"2022-11-03T01:38:01+00:00\" \/>\n<meta name=\"twitter:label1\" content=\"Dur\u00e9e de lecture estim\u00e9e\" \/>\n\t<meta name=\"twitter:data1\" content=\"3 minutes\" \/>\n<script type=\"application\/ld+json\" class=\"yoast-schema-graph\">{\"@context\":\"https:\/\/schema.org\",\"@graph\":[{\"@type\":\"WebPage\",\"@id\":\"https:\/\/southbeachlanguages.com\/fr\/visa-faqs\/\",\"url\":\"https:\/\/southbeachlanguages.com\/fr\/visa-faqs\/\",\"name\":\"Questions Fr\u00e9quemment Poss\u00e9es - South Beach Languages\",\"isPartOf\":{\"@id\":\"https:\/\/southbeachlanguages.com\/ru\/#website\"},\"datePublished\":\"2016-09-16T14:51:40+00:00\",\"dateModified\":\"2022-11-03T01:38:01+00:00\",\"breadcrumb\":{\"@id\":\"https:\/\/southbeachlanguages.com\/fr\/visa-faqs\/#breadcrumb\"},\"inLanguage\":\"fr-FR\",\"potentialAction\":[{\"@type\":\"ReadAction\",\"target\":[\"https:\/\/southbeachlanguages.com\/fr\/visa-faqs\/\"]}]},{\"@type\":\"BreadcrumbList\",\"@id\":\"https:\/\/southbeachlanguages.com\/fr\/visa-faqs\/#breadcrumb\",\"itemListElement\":[{\"@type\":\"ListItem\",\"position\":1,\"name\":\"Home\",\"item\":\"https:\/\/southbeachlanguages.com\/fr\/\"},{\"@type\":\"ListItem\",\"position\":2,\"name\":\"Questions Fr\u00e9quemment Poss\u00e9es\"}]},{\"@type\":\"WebSite\",\"@id\":\"https:\/\/southbeachlanguages.com\/ru\/#website\",\"url\":\"https:\/\/southbeachlanguages.com\/ru\/\",\"name\":\"South Beach Languages\",\"description\":\"Language Schools in Miami and Hollywood - Learn English\",\"potentialAction\":[{\"@type\":\"SearchAction\",\"target\":{\"@type\":\"EntryPoint\",\"urlTemplate\":\"https:\/\/southbeachlanguages.com\/ru\/?s={search_term_string}\"},\"query-input\":{\"@type\":\"PropertyValueSpecification\",\"valueRequired\":true,\"valueName\":\"search_term_string\"}}],\"inLanguage\":\"fr-FR\"}]}<\/script>\n<!-- \/ Yoast SEO plugin. -->","yoast_head_json":{"title":"Questions Fr\u00e9quemment Poss\u00e9es - South Beach Languages","robots":{"index":"index","follow":"follow","max-snippet":"max-snippet:-1","max-image-preview":"max-image-preview:large","max-video-preview":"max-video-preview:-1"},"canonical":"https:\/\/southbeachlanguages.com\/fr\/visa-faqs\/","og_locale":"fr_FR","og_type":"article","og_title":"Questions Fr\u00e9quemment Poss\u00e9es - South Beach Languages","og_url":"https:\/\/southbeachlanguages.com\/fr\/visa-faqs\/","og_site_name":"South Beach Languages","article_modified_time":"2022-11-03T01:38:01+00:00","twitter_misc":{"Dur\u00e9e de lecture estim\u00e9e":"3 minutes"},"schema":{"@context":"https:\/\/schema.org","@graph":[{"@type":"WebPage","@id":"https:\/\/southbeachlanguages.com\/fr\/visa-faqs\/","url":"https:\/\/southbeachlanguages.com\/fr\/visa-faqs\/","name":"Questions Fr\u00e9quemment Poss\u00e9es - South Beach Languages","isPartOf":{"@id":"https:\/\/southbeachlanguages.com\/ru\/#website"},"datePublished":"2016-09-16T14:51:40+00:00","dateModified":"2022-11-03T01:38:01+00:00","breadcrumb":{"@id":"https:\/\/southbeachlanguages.com\/fr\/visa-faqs\/#breadcrumb"},"inLanguage":"fr-FR","potentialAction":[{"@type":"ReadAction","target":["https:\/\/southbeachlanguages.com\/fr\/visa-faqs\/"]}]},{"@type":"BreadcrumbList","@id":"https:\/\/southbeachlanguages.com\/fr\/visa-faqs\/#breadcrumb","itemListElement":[{"@type":"ListItem","position":1,"name":"Home","item":"https:\/\/southbeachlanguages.com\/fr\/"},{"@type":"ListItem","position":2,"name":"Questions Fr\u00e9quemment Poss\u00e9es"}]},{"@type":"WebSite","@id":"https:\/\/southbeachlanguages.com\/ru\/#website","url":"https:\/\/southbeachlanguages.com\/ru\/","name":"South Beach Languages","description":"Language Schools in Miami and Hollywood - Learn English","potentialAction":[{"@type":"SearchAction","target":{"@type":"EntryPoint","urlTemplate":"https:\/\/southbeachlanguages.com\/ru\/?s={search_term_string}"},"query-input":{"@type":"PropertyValueSpecification","valueRequired":true,"valueName":"search_term_string"}}],"inLanguage":"fr-FR"}]}},"_links":{"self":[{"href":"https:\/\/sbl.edu\/fr\/wp-json\/wp\/v2\/pages\/8691","targetHints":{"allow":["GET"]}}],"collection":[{"href":"https:\/\/sbl.edu\/fr\/wp-json\/wp\/v2\/pages"}],"about":[{"href":"https:\/\/sbl.edu\/fr\/wp-json\/wp\/v2\/types\/page"}],"author":[{"embeddable":true,"href":"https:\/\/sbl.edu\/fr\/wp-json\/wp\/v2\/users\/1"}],"replies":[{"embeddable":true,"href":"https:\/\/sbl.edu\/fr\/wp-json\/wp\/v2\/comments?post=8691"}],"version-history":[{"count":1,"href":"https:\/\/sbl.edu\/fr\/wp-json\/wp\/v2\/pages\/8691\/revisions"}],"predecessor-version":[{"id":19310,"href":"https:\/\/sbl.edu\/fr\/wp-json\/wp\/v2\/pages\/8691\/revisions\/19310"}],"wp:attachment":[{"href":"https:\/\/sbl.edu\/fr\/wp-json\/wp\/v2\/media?parent=8691"}],"curies":[{"name":"wp","href":"https:\/\/api.w.org\/{rel}","templated":true}]}}