{"id":8525,"date":"2016-09-06T12:28:13","date_gmt":"2016-09-06T16:28:13","guid":{"rendered":"http:\/\/southbeachlanguages.com\/pt-br\/about\/"},"modified":"2024-11-28T13:57:33","modified_gmt":"2024-11-28T18:57:33","slug":"about","status":"publish","type":"page","link":"https:\/\/sbl.edu\/pt-br\/about\/","title":{"rendered":"NOSSA ESCOLA"},"content":{"rendered":"<div class=\"fusion-fullwidth fullwidth-box fusion-builder-row-1 nonhundred-percent-fullwidth non-hundred-percent-height-scrolling\" style=\"--awb-background-position:left top;--awb-border-radius-top-left:0px;--awb-border-radius-top-right:0px;--awb-border-radius-bottom-right:0px;--awb-border-radius-bottom-left:0px;--awb-padding-top:20px;--awb-padding-bottom:20px;--awb-border-sizes-top:0px;--awb-border-sizes-bottom:0px;--awb-flex-wrap:wrap;\" ><div class=\"fusion-builder-row fusion-row\"><div class=\"fusion-layout-column fusion_builder_column fusion-builder-column-0 fusion_builder_column_2_3 2_3 fusion-two-third fusion-column-first\" style=\"--awb-bg-size:cover;width:65.3333%; margin-right: 4%;\"><div class=\"fusion-column-wrapper fusion-flex-column-wrapper-legacy\">\n<p><span style=\"color: #ffffff;\">[\/fusion_text]<\/span><div class=\"fusion-title title fusion-title-1 fusion-title-text fusion-title-size-two\"><h2 class=\"fusion-title-heading title-heading-left fusion-responsive-typography-calculated\" style=\"margin:0;--fontSize:36;line-height:1;\">Miss<span lang=\"pt\">\u00e3o<\/span><\/h2><span class=\"awb-title-spacer\"><\/span><div class=\"title-sep-container\"><div class=\"title-sep sep-single sep-solid\" style=\"border-color:#e0dede;\"><\/div><\/div><\/div><div class=\"fusion-text fusion-text-1\"><p>South Beach Languages, a um passo da melhor praia de Miami, oferece v\u00e1rios programas de Ingl\u00eas. Fundada em 2003, nossa miss\u00e3o \u00e9 proporcionar aos nossos estudantes um programa de ensino que atenda \u00e0s suas necessidades atrav\u00e9s de professores qualificados e de uma metodologia de imers\u00e3o no cotidiano Americano.<\/p>\n<p dir=\"ltr\">Com base na conversa\u00e7\u00e3o, as aulas s\u00e3o uma combina\u00e7\u00e3o de gram\u00e1tica, vocabul\u00e1rio, leitura, pron\u00fancia e redu\u00e7\u00e3o de sotaque. Nosso programa ESL (Ingl\u00eas como Segunda L\u00edngua) possui 8 n\u00edveis e as aulas s\u00e3o totalmente em Ingl\u00eas e criadas por professores Americanos altamente especializados.<\/p>\n<\/div><div class=\"fusion-title title fusion-title-2 fusion-title-text fusion-title-size-two\"><h2 class=\"fusion-title-heading title-heading-left fusion-responsive-typography-calculated\" style=\"margin:0;--fontSize:36;line-height:1;\">POR QUE ESTUDAR NA SBL?<\/h2><span class=\"awb-title-spacer\"><\/span><div class=\"title-sep-container\"><div class=\"title-sep sep-single sep-solid\" style=\"border-color:#e0dede;\"><\/div><\/div><\/div><div class=\"fusion-text fusion-text-2\"><ul>\n<li style=\"list-style-type: none;\">\n<ul>\n<li dir=\"ltr\">\n<p dir=\"ltr\">Professores: \u00a0Experientes, qualificados, din\u00e2micos e nativos. Treinados para orientar os alunos e maximizar o processo de aprendizagem.<\/p>\n<\/li>\n<\/ul>\n<\/li>\n<\/ul>\n<ul>\n<li style=\"list-style-type: none;\">\n<ul>\n<li dir=\"ltr\">\n<p dir=\"ltr\">Ensino: O progresso de cada aluno \u00e9 medido atrav\u00e9s de dever de casa, testes semanais, trabalhos escritos, apresenta\u00e7\u00f5es individuais e em grupo.<\/p>\n<\/li>\n<\/ul>\n<\/li>\n<\/ul>\n<ul>\n<li style=\"list-style-type: none;\">\n<ul>\n<li dir=\"ltr\">\n<p dir=\"ltr\">Ambiente de Estudo: Ambiente familiar e diversificado, ideal para a intera\u00e7\u00e3o. Salas com turmas pequenas e lounge interativo. Aulas de manh\u00e3, tarde e noite.<\/p>\n<\/li>\n<\/ul>\n<\/li>\n<\/ul>\n<ul>\n<li style=\"list-style-type: none;\">\n<ul>\n<li dir=\"ltr\">\n<p dir=\"ltr\">Localiza\u00e7\u00e3o: Central, a uma quadra da praia, em um edif\u00edcio de 2 andares com estilo Art Deco na mundialmente famosa South Beach ou 30 minutos ao norte de Miami, na cidade de Hollywood.<\/p>\n<\/li>\n<\/ul>\n<\/li>\n<\/ul>\n<ul>\n<li style=\"list-style-type: none;\">\n<ul>\n<li dir=\"ltr\">\n<p dir=\"ltr\">Pre\u00e7os: Oferecemos curso intensivo a partir de US$399 por m\u00eas (18 horas por semana) e cursos semanais para turistas.<\/p>\n<\/li>\n<\/ul>\n<\/li>\n<\/ul>\n<ul>\n<li dir=\"ltr\">\n<p dir=\"ltr\">Atendimento: Em diversos idiomas para atender as necessidades de cada aluno. Ajudamos com a procura de hospedagem e processamento de visto.<\/p>\n<\/li>\n<\/ul>\n<\/div><div class=\"fusion-title title fusion-title-3 fusion-title-text fusion-title-size-two\"><h2 class=\"fusion-title-heading title-heading-left fusion-responsive-typography-calculated\" style=\"margin:0;--fontSize:36;line-height:1;\">METODOLOGIA DE ENSINO<\/h2><span class=\"awb-title-spacer\"><\/span><div class=\"title-sep-container\"><div class=\"title-sep sep-single sep-solid\" style=\"border-color:#e0dede;\"><\/div><\/div><\/div><div class=\"fusion-text fusion-text-3\"><p>Nossa metodologia tem como meta:<\/p>\n<ul>\n<li style=\"list-style-type: none;\">\n<ul>\n<li dir=\"ltr\">\n<p dir=\"ltr\">Ensinar gram\u00e1tica e vocabul\u00e1rio usados no cotidiano Americano<\/p>\n<\/li>\n<\/ul>\n<\/li>\n<\/ul>\n<ul>\n<li style=\"list-style-type: none;\">\n<ul>\n<li dir=\"ltr\">\n<p dir=\"ltr\">Aprimorar a pron\u00fancia e o entendimento da l\u00edngua Inglesa<\/p>\n<\/li>\n<\/ul>\n<\/li>\n<\/ul>\n<ul>\n<li style=\"list-style-type: none;\">\n<ul>\n<li dir=\"ltr\">\n<p dir=\"ltr\">Proporcionar intera\u00e7\u00e3o por meio de atividades em grupo dentro e fora da sala de aula<\/p>\n<\/li>\n<\/ul>\n<\/li>\n<\/ul>\n<ul>\n<li style=\"list-style-type: none;\">\n<ul>\n<li dir=\"ltr\">\n<p dir=\"ltr\">Utilizar a comunica\u00e7\u00e3o apenas na l\u00edngua estudada, ou seja falar apenas em Ingl\u00eas na escola<\/p>\n<\/li>\n<\/ul>\n<\/li>\n<\/ul>\n<ul>\n<li style=\"list-style-type: none;\">\n<ul>\n<li dir=\"ltr\">\n<p dir=\"ltr\">Oferecer professores experientes e nativos<\/p>\n<\/li>\n<\/ul>\n<\/li>\n<\/ul>\n<p>&nbsp;<\/p>\n<\/div><div class=\"fusion-title title fusion-title-4 fusion-title-text fusion-title-size-two\"><h2 class=\"fusion-title-heading title-heading-left fusion-responsive-typography-calculated\" style=\"margin:0;--fontSize:36;line-height:1;\">MAIS SOBRE A SOUTH BEACH LANGUAGES<\/h2><span class=\"awb-title-spacer\"><\/span><div class=\"title-sep-container\"><div class=\"title-sep sep-single sep-solid\" style=\"border-color:#e0dede;\"><\/div><\/div><\/div><div class=\"fusion-text fusion-text-4\"><\/div>\n<p>A South Beach Languages \u200b\u200bensina ingl\u00eas americano. N\u00f3s recepcionamos estudantes internacionais adultos (16 anos ou mais) da Europa, Am\u00e9rica Latina, \u00c1sia e todas as partes do mundo. A escola foca no ingl\u00eas coloquial e no ingl\u00eas pr\u00e1tico para situa\u00e7\u00f5es da vida real. Fornecemos professores de ingl\u00eas americanos, certificados, experientes e din\u00e2micos.<\/p>\n<p>Desde que nossa escola foi fundada em 2003, a South Beach Languages \u200b\u200bj\u00e1 ensinou mais de 5.000 alunos. Confira alguns de seus depoimentos. Em 2018, a South Beach Languages \u200b\u200brecebeu seu recredenciamento por 10 anos (atualmente credenciada at\u00e9 2028).<\/p>\n<p>Existem 2 programas principais, &#8216;Intensivo de Ingl\u00eas&#8217; e \u2018Ingl\u00eas de F\u00e9rias&#8217;.<\/p>\n<p>O programa de ingl\u00eas intensivo oferece 12 n\u00edveis de ingl\u00eas intensivo, do n\u00edvel iniciante ao avan\u00e7ado. Essas aulas focam em conversa\u00e7\u00e3o em ingl\u00eas, gram\u00e1tica, reda\u00e7\u00e3o, leitura e vocabul\u00e1rio. T. Os alunos estudam mais de 18 horas por semana. Oferecemos aulas intensivas de ingl\u00eas em ambos os locais, Miami Beach e Hollywood.<\/p>\n<p>O programa Intensivo de Ingl\u00eas foi desenvolvido para estudantes internacionais que est\u00e3o nos Estados Unidos com o visto de estudante F1. O formul\u00e1rio I-20 da South Beach Languages \u00e9 \u200b\u200bpara solicitantes de visto F1 que ainda n\u00e3o s\u00e3o proficientes em ingl\u00eas. H\u00e1 um teste de nivelamento inicial para determinar o n\u00edvel do aluno e um certificado \u00e9 entregue ap\u00f3s a conclus\u00e3o.<\/p>\n<p>O programa de Ingl\u00eas de F\u00e9rias oferece 12 n\u00edveis de ingl\u00eas, do n\u00edvel iniciante ao avan\u00e7ado. Essas aulas se concentram em conversa\u00e7\u00e3o em ingl\u00eas, gram\u00e1tica, reda\u00e7\u00e3o, leitura e vocabul\u00e1rio.\u00a0 Oferecemos curso de Ingl\u00eas de F\u00e9rias nos dois locais, Miami Beach e Hollywood. As aulas de ingl\u00eas de f\u00e9rias s\u00e3o projetadas para turistas, que t\u00eam permiss\u00e3o para fazer as aulas como lazer, menos de 18 horas por semana. Existe um teste de nivelamento inicial para determinar o n\u00edvel do aluno e um certificado \u00e9 entregue ap\u00f3s a conclus\u00e3o.<\/p>\n<p>Nossa escola de ingl\u00eas em Miami Beach est\u00e1 localizada no cora\u00e7\u00e3o da mundialmente famosa South Beach, a 2 quadras do mar, na 1556 Alton Road, Miami Beach, FL, 33139.<\/p>\n<p>Nossa escola de ingl\u00eas em Hollywood est\u00e1 localizada entre North Miami e Fort Lauderdale na One Oakwood Blvd., n\u00ba 150, Hollywood, FL, 33020. As \u00e1reas pr\u00f3ximas incluem Aventura, North Miami Beach, Sunny Isles, Pembroke Pines e Davie.<\/p>\n<p>&nbsp;<\/p>\n<div class=\"fusion-clearfix\"><\/div><\/div><\/div><\/div><\/div>\n","protected":false},"excerpt":{"rendered":"","protected":false},"author":8,"featured_media":0,"parent":0,"menu_order":0,"comment_status":"closed","ping_status":"closed","template":"100-width.php","meta":{"footnotes":""},"class_list":["post-8525","page","type-page","status-publish","hentry"],"yoast_head":"<!-- This site is optimized with the Yoast SEO plugin v27.2 - https:\/\/yoast.com\/product\/yoast-seo-wordpress\/ -->\n<title>NOSSA ESCOLA - South Beach Languages<\/title>\n<meta name=\"robots\" content=\"index, follow, max-snippet:-1, max-image-preview:large, max-video-preview:-1\" \/>\n<link rel=\"canonical\" href=\"https:\/\/sbl.edu\/pt-br\/about\/\" \/>\n<meta property=\"og:locale\" content=\"pt_BR\" \/>\n<meta property=\"og:type\" content=\"article\" \/>\n<meta property=\"og:title\" content=\"NOSSA ESCOLA - South Beach Languages\" \/>\n<meta property=\"og:url\" content=\"https:\/\/sbl.edu\/pt-br\/about\/\" \/>\n<meta property=\"og:site_name\" content=\"South Beach Languages\" \/>\n<meta property=\"article:modified_time\" content=\"2024-11-28T18:57:33+00:00\" \/>\n<meta name=\"twitter:label1\" content=\"Est. tempo de leitura\" \/>\n\t<meta name=\"twitter:data1\" content=\"3 minutos\" \/>\n<script type=\"application\/ld+json\" class=\"yoast-schema-graph\">{\"@context\":\"https:\/\/schema.org\",\"@graph\":[{\"@type\":\"WebPage\",\"@id\":\"https:\/\/sbl.edu\/pt-br\/about\/\",\"url\":\"https:\/\/sbl.edu\/pt-br\/about\/\",\"name\":\"NOSSA ESCOLA - South Beach Languages\",\"isPartOf\":{\"@id\":\"https:\/\/southbeachlanguages.com\/ru\/#website\"},\"datePublished\":\"2016-09-06T16:28:13+00:00\",\"dateModified\":\"2024-11-28T18:57:33+00:00\",\"breadcrumb\":{\"@id\":\"https:\/\/sbl.edu\/pt-br\/about\/#breadcrumb\"},\"inLanguage\":\"pt-BR\",\"potentialAction\":[{\"@type\":\"ReadAction\",\"target\":[\"https:\/\/sbl.edu\/pt-br\/about\/\"]}]},{\"@type\":\"BreadcrumbList\",\"@id\":\"https:\/\/sbl.edu\/pt-br\/about\/#breadcrumb\",\"itemListElement\":[{\"@type\":\"ListItem\",\"position\":1,\"name\":\"Home\",\"item\":\"https:\/\/southbeachlanguages.com\/pt-br\/\"},{\"@type\":\"ListItem\",\"position\":2,\"name\":\"NOSSA ESCOLA\"}]},{\"@type\":\"WebSite\",\"@id\":\"https:\/\/southbeachlanguages.com\/ru\/#website\",\"url\":\"https:\/\/southbeachlanguages.com\/ru\/\",\"name\":\"South Beach Languages\",\"description\":\"Language Schools in Miami and Hollywood - Learn English\",\"potentialAction\":[{\"@type\":\"SearchAction\",\"target\":{\"@type\":\"EntryPoint\",\"urlTemplate\":\"https:\/\/southbeachlanguages.com\/ru\/?s={search_term_string}\"},\"query-input\":{\"@type\":\"PropertyValueSpecification\",\"valueRequired\":true,\"valueName\":\"search_term_string\"}}],\"inLanguage\":\"pt-BR\"}]}<\/script>\n<!-- \/ Yoast SEO plugin. -->","yoast_head_json":{"title":"NOSSA ESCOLA - South Beach Languages","robots":{"index":"index","follow":"follow","max-snippet":"max-snippet:-1","max-image-preview":"max-image-preview:large","max-video-preview":"max-video-preview:-1"},"canonical":"https:\/\/sbl.edu\/pt-br\/about\/","og_locale":"pt_BR","og_type":"article","og_title":"NOSSA ESCOLA - South Beach Languages","og_url":"https:\/\/sbl.edu\/pt-br\/about\/","og_site_name":"South Beach Languages","article_modified_time":"2024-11-28T18:57:33+00:00","twitter_misc":{"Est. tempo de leitura":"3 minutos"},"schema":{"@context":"https:\/\/schema.org","@graph":[{"@type":"WebPage","@id":"https:\/\/sbl.edu\/pt-br\/about\/","url":"https:\/\/sbl.edu\/pt-br\/about\/","name":"NOSSA ESCOLA - South Beach Languages","isPartOf":{"@id":"https:\/\/southbeachlanguages.com\/ru\/#website"},"datePublished":"2016-09-06T16:28:13+00:00","dateModified":"2024-11-28T18:57:33+00:00","breadcrumb":{"@id":"https:\/\/sbl.edu\/pt-br\/about\/#breadcrumb"},"inLanguage":"pt-BR","potentialAction":[{"@type":"ReadAction","target":["https:\/\/sbl.edu\/pt-br\/about\/"]}]},{"@type":"BreadcrumbList","@id":"https:\/\/sbl.edu\/pt-br\/about\/#breadcrumb","itemListElement":[{"@type":"ListItem","position":1,"name":"Home","item":"https:\/\/southbeachlanguages.com\/pt-br\/"},{"@type":"ListItem","position":2,"name":"NOSSA ESCOLA"}]},{"@type":"WebSite","@id":"https:\/\/southbeachlanguages.com\/ru\/#website","url":"https:\/\/southbeachlanguages.com\/ru\/","name":"South Beach Languages","description":"Language Schools in Miami and Hollywood - Learn English","potentialAction":[{"@type":"SearchAction","target":{"@type":"EntryPoint","urlTemplate":"https:\/\/southbeachlanguages.com\/ru\/?s={search_term_string}"},"query-input":{"@type":"PropertyValueSpecification","valueRequired":true,"valueName":"search_term_string"}}],"inLanguage":"pt-BR"}]}},"_links":{"self":[{"href":"https:\/\/sbl.edu\/pt-br\/wp-json\/wp\/v2\/pages\/8525","targetHints":{"allow":["GET"]}}],"collection":[{"href":"https:\/\/sbl.edu\/pt-br\/wp-json\/wp\/v2\/pages"}],"about":[{"href":"https:\/\/sbl.edu\/pt-br\/wp-json\/wp\/v2\/types\/page"}],"author":[{"embeddable":true,"href":"https:\/\/sbl.edu\/pt-br\/wp-json\/wp\/v2\/users\/8"}],"replies":[{"embeddable":true,"href":"https:\/\/sbl.edu\/pt-br\/wp-json\/wp\/v2\/comments?post=8525"}],"version-history":[{"count":7,"href":"https:\/\/sbl.edu\/pt-br\/wp-json\/wp\/v2\/pages\/8525\/revisions"}],"predecessor-version":[{"id":20038,"href":"https:\/\/sbl.edu\/pt-br\/wp-json\/wp\/v2\/pages\/8525\/revisions\/20038"}],"wp:attachment":[{"href":"https:\/\/sbl.edu\/pt-br\/wp-json\/wp\/v2\/media?parent=8525"}],"curies":[{"name":"wp","href":"https:\/\/api.w.org\/{rel}","templated":true}]}}