{"id":8698,"date":"2016-09-16T10:51:40","date_gmt":"2016-09-16T14:51:40","guid":{"rendered":"http:\/\/southbeachlanguages.com\/pt-br\/visa-faqs\/"},"modified":"2022-11-02T21:37:12","modified_gmt":"2022-11-03T01:37:12","slug":"visa-faqs","status":"publish","type":"page","link":"https:\/\/sbl.edu\/pt-br\/visa-faqs\/","title":{"rendered":"Perguntas Freq\u00fcentes"},"content":{"rendered":"<p><div class=\"fusion-fullwidth fullwidth-box fusion-builder-row-1 hundred-percent-fullwidth non-hundred-percent-height-scrolling\" style=\"--awb-background-position:left top;--awb-border-sizes-top:0px;--awb-border-sizes-bottom:0px;--awb-border-sizes-left:0px;--awb-border-sizes-right:0px;--awb-border-radius-top-left:0px;--awb-border-radius-top-right:0px;--awb-border-radius-bottom-right:0px;--awb-border-radius-bottom-left:0px;--awb-padding-top:20px;--awb-padding-right:0px;--awb-padding-bottom:20px;--awb-padding-left:30px;--awb-flex-wrap:wrap;\" ><div class=\"fusion-builder-row fusion-row\"><div class=\"fusion-layout-column fusion_builder_column fusion-builder-column-0 fusion_builder_column_2_3 2_3 fusion-two-third fusion-column-first\" style=\"--awb-bg-size:cover;width:65.3333%; margin-right: 4%;\"><div class=\"fusion-column-wrapper fusion-flex-column-wrapper-legacy\"><div class=\"fusion-title title fusion-title-1 fusion-title-text fusion-title-size-two\"><h2 class=\"fusion-title-heading title-heading-left fusion-responsive-typography-calculated\" style=\"margin:0;--fontSize:36;line-height:1;\">Perguntas Freq\u00fcentes<\/h2><span class=\"awb-title-spacer\"><\/span><div class=\"title-sep-container\"><div class=\"title-sep sep-single sep-solid\" style=\"border-color:#e0dede;\"><\/div><\/div><\/div><div class=\"fusion-text fusion-text-1\" style=\"--awb-text-transform:none;\"><h3><strong>Como saber se eu me qualifico para obter um visto de estudante ? <\/strong><\/h3>\n<p>A Lei de Imigra\u00e7\u00e3o tem requisitos espec\u00edficos que devem ser cumpridos pelos candidatos para obten\u00e7\u00e3o do visto de estudante.\u00a0 O Consulado vai decidir se voc\u00ea se qualifica para o visto . Os candidatos devem\u00a0 preencher adequadamente os requisitos de visto de estudante , incluindo:<br \/>\n-Possuir uma resid\u00eancia fixa em em seu pa\u00eds<br \/>\n-Demonstrar que n\u00e3o pretende continuar nos Estados Unidos ap\u00f3s a conclus\u00e3o do curso<br \/>\n-Possuir fundos suficientes para estudar e se manter nos EUA durante todo o tempo do curso<\/p>\n<h3><strong>Quando devo aplicar ? <\/strong><\/h3>\n<p>O Consulado pode emitir o visto de estudante F1 at\u00e9 120 dias antes da data de in\u00edcio do curso que consta no formul\u00e1rio I-20 . Os alunos s\u00e3o incentivados a dar entrada no seu I-20 o mais cedo poss\u00edvel para dar tempo suficiente para o processamento do visto. \u00c9 recomendado que voc\u00ea espere at\u00e9 receber o seu formul\u00e1rio I-20 antes de marcar uma entrevista na embaixada dos EUA ou Consulado dos EUA. Os alunos podem entrar nos EUA \u00a0at\u00e9 30 dias antes da data de in\u00edcio do curso mostrado em seu formul\u00e1rio I-20.<\/p>\n<h3>\u00a0<strong>Qual \u00e9 o formul\u00e1rio I-20? <\/strong><\/h3>\n<p>O formul\u00e1rio I-20 mostra que voc\u00ea \u00e9 eleg\u00edvel para o status de estudante F1 . O formul\u00e1rio I-20 \u00e9 emitido pela escola (South Beach Languages ) . O visto de estudante F1 \u00e9 emitido pelo Consulado \/ Embaixada dos EUA.<\/p>\n<h3><strong>E o meu c\u00f4njuge e \/ ou dependentes ? <\/strong><\/h3>\n<p>\u00c9 poss\u00edvel trazer c\u00f4njuges e dependentes com o visto F-2. Entre em contato com\u00a0 a nossa escola para obter maiores informa\u00e7\u00f5es.<\/p>\n<h3><strong>\u00c9 poss\u00edvel tirar f\u00e9rias tendo o visto de estudante F1 ? <\/strong><\/h3>\n<p>Sim, dependendo do seu tempo de estudo.<\/p>\n<h3><strong>Como fa\u00e7o para pagar o curso?<\/strong><\/h3>\n<p>Os estudantes podem pagar antecipadamente ( com desconto ) ou em uma base mensal. O pagamento pode ser feito online no nosso site ou pessoalmente.<\/p>\n<h3><strong>Como posso saber qual o meu n\u00edvel ? <\/strong><\/h3>\n<p>Um teste de nivelamento \u00e9 dado no primeiro dia de aula.<\/p>\n<h3>Embaixadas dos EUA<\/h3>\n<p><strong>Rio de Janeiro<\/strong><br \/>\nAv. Presidente Wilson, 147 \u2013 Castelo<br \/>\n20030-020 \u2013 Rio de Janeiro, RJ<br \/>\nFone: (55-21) 3823-2000<\/p>\n<p><strong>S\u00e3o Paulo<\/strong><br \/>\nRua Henri Dunant, 500,<br \/>\nCh\u00e1cara Santo Ant\u00f4nio,<br \/>\nS\u00e3o Paulo- SP, 04709-110<br \/>\nFone: (55-11) 5186-7000<\/p>\n<\/div><div class=\"fusion-clearfix\"><\/div><\/div><\/div><div class=\"fusion-layout-column fusion_builder_column fusion-builder-column-1 fusion_builder_column_1_3 1_3 fusion-one-third fusion-column-last\" style=\"--awb-padding-top:30px;--awb-padding-right:30px;--awb-padding-bottom:30px;--awb-padding-left:30px;--awb-bg-color:#f7f7f7;--awb-bg-color-hover:#f7f7f7;--awb-bg-size:cover;width:30.6666%;\"><div class=\"fusion-column-wrapper fusion-flex-column-wrapper-legacy\"><div class=\"fusion-title title fusion-title-2 fusion-title-text fusion-title-size-three\"><h3 class=\"fusion-title-heading title-heading-left fusion-responsive-typography-calculated\" style=\"margin:0;--fontSize:26;--minFontSize:26;line-height:1.56;\">Video Guide<\/h3><span class=\"awb-title-spacer\"><\/span><div class=\"title-sep-container\"><div class=\"title-sep sep-single sep-solid\" style=\"border-color:#e0dede;\"><\/div><\/div><\/div><div class=\"fusion-video fusion-youtube\" style=\"--awb-max-width:600px;--awb-max-height:350px;\"><div class=\"video-shortcode\"><div class=\"fluid-width-video-wrapper\" style=\"padding-top:58.33%;\" ><iframe title=\"YouTube video player 1\" src=\"https:\/\/www.youtube.com\/embed\/e9kNZk0PfKs?wmode=transparent&autoplay=0&amp;rel=0\" width=\"600\" height=\"350\" allowfullscreen allow=\"autoplay; fullscreen\"><\/iframe><\/div><\/div><\/div><div class=\"fusion-title title fusion-title-3 fusion-title-text fusion-title-size-three\" style=\"--awb-margin-top:50px;\"><h3 class=\"fusion-title-heading title-heading-left fusion-responsive-typography-calculated\" style=\"margin:0;--fontSize:26;--minFontSize:26;line-height:1.56;\">Forms<\/h3><span class=\"awb-title-spacer\"><\/span><div class=\"title-sep-container\"><div class=\"title-sep sep-single sep-solid\" style=\"border-color:#e0dede;\"><\/div><\/div><\/div><ul style=\"--awb-iconcolor:#747474;--awb-line-height:27.2px;--awb-icon-width:27.2px;--awb-icon-height:27.2px;--awb-icon-margin:11.2px;--awb-content-margin:38.4px;\" class=\"fusion-checklist fusion-checklist-1 fusion-checklist-default type-icons\">\n\n<li class=\"fusion-li-item\" style=\"\"><span class=\"icon-wrapper circle-no\"><i class=\"fusion-li-icon fa fa-check\" aria-hidden=\"true\"><\/i><\/span><div class=\"fusion-li-item-content\"><a href=\"http:\/\/southbeachlanguages.com\/Forms\/Affidavit_Support.pdf\" target=\"_blank\" rel=\"noopener noreferrer\">Affidavit Form<\/a>. (If funds are coming from another source other than student)<\/div><\/li>\n<li class=\"fusion-li-item\" style=\"\"><span class=\"icon-wrapper circle-no\"><i class=\"fusion-li-icon fa fa-check\" aria-hidden=\"true\"><\/i><\/span><div class=\"fusion-li-item-content\"><a href=\"http:\/\/southbeachlanguages.com\/Forms\/App-English.pdf\" target=\"_blank\" rel=\"noopener noreferrer\">I-20 Application Form<\/a><\/div><\/li>\n<li class=\"fusion-li-item\" style=\"\"><span class=\"icon-wrapper circle-no\"><i class=\"fusion-li-icon fa fa-check\" aria-hidden=\"true\"><\/i><\/span><div class=\"fusion-li-item-content\"><a href=\"\/Forms\/Transfer_Student_Form.pdf\" target=\"_blank\" rel=\"noopener noreferrer\">Transfer Form<\/a><\/div><\/li>\n\n<\/ul><div class=\"fusion-clearfix\"><\/div><\/div><\/div><\/div><\/div><div class=\"fusion-fullwidth fullwidth-box fusion-builder-row-2 hundred-percent-fullwidth non-hundred-percent-height-scrolling\" style=\"--awb-border-radius-top-left:0px;--awb-border-radius-top-right:0px;--awb-border-radius-bottom-right:0px;--awb-border-radius-bottom-left:0px;--awb-overflow:visible;--awb-padding-right:30px;--awb-padding-left:30px;--awb-flex-wrap:wrap;\" ><div class=\"fusion-builder-row fusion-row\"><div class=\"fusion-layout-column fusion_builder_column fusion-builder-column-2 fusion_builder_column_1_1 1_1 fusion-one-full fusion-column-first fusion-column-last fusion-column-no-min-height\" style=\"--awb-bg-size:cover;--awb-margin-bottom:0px;\"><div class=\"fusion-column-wrapper fusion-flex-column-wrapper-legacy\"><div class=\"fusion-text fusion-text-2\"><div class=\"fusion-fullwidth fullwidth-box fusion-builder-row-2-1 fusion-parallax-none nonhundred-percent-fullwidth non-hundred-percent-height-scrolling\" style=\"--awb-background-position:center bottom;--awb-border-sizes-top:0px;--awb-border-sizes-bottom:0px;--awb-border-sizes-left:0px;--awb-border-sizes-right:0px;--awb-border-radius-top-left:0px;--awb-border-radius-top-right:0px;--awb-border-radius-bottom-right:0px;--awb-border-radius-bottom-left:0px;--awb-padding-top:90px;--awb-padding-bottom:90px;--awb-background-color:#e2e2e2;--awb-background-image:url(&quot;http:\/\/southbeachlanguages.com\/wp-content\/uploads\/2012\/07\/CTA-Background.jpg&quot;);--awb-background-size:cover;--awb-flex-wrap:wrap;\" ><div class=\"fusion-builder-row fusion-row\"><div class=\"fusion-layout-column fusion_builder_column fusion-builder-column-3 fusion_builder_column_1_2 1_2 fusion-one-half fusion-column-first fusion-column-inner-bg-wrapper\" style=\"--awb-inner-bg-size:cover;width:48%; margin-right: 4%;\"><span class=\"fusion-column-inner-bg hover-type-none\"><a class=\"fusion-column-anchor\" href=\"http:\/\/southbeachlanguages.com\/contact-us\/\"><span class=\"fusion-column-inner-bg-image\"><\/span><\/a><\/span><div class=\"fusion-column-wrapper fusion-flex-column-wrapper-legacy\"><div class=\"fusion-image-element fusion-image-align-center in-legacy-container\" style=\"text-align:center;--awb-caption-title-font-family:var(--h2_typography-font-family);--awb-caption-title-font-weight:var(--h2_typography-font-weight);--awb-caption-title-font-style:var(--h2_typography-font-style);--awb-caption-title-size:var(--h2_typography-font-size);--awb-caption-title-transform:var(--h2_typography-text-transform);--awb-caption-title-line-height:var(--h2_typography-line-height);--awb-caption-title-letter-spacing:var(--h2_typography-letter-spacing);\"><div class=\"imageframe-align-center\"><span class=\" fusion-imageframe imageframe-none imageframe-1 hover-type-none\"><a class=\"fusion-no-lightbox\" href=\"#\" target=\"_self\"><img decoding=\"async\" alt=\"Contact Us\" src=\"http:\/\/southbeachlanguages.com\/wp-content\/uploads\/2012\/07\/Contact-Us-150x150.png\" class=\"img-responsive\"\/><\/a><\/span><\/div><\/div><div class=\"fusion-title title fusion-title-4 fusion-sep-none fusion-title-center fusion-title-text fusion-title-size-three\" style=\"--awb-margin-top:20px;\"><h3 class=\"fusion-title-heading title-heading-center fusion-responsive-typography-calculated\" style=\"margin:0;--fontSize:26;--minFontSize:26;line-height:1.56;\">CONTACT US<\/h3><\/div><div class=\"fusion-clearfix\"><\/div><\/div><\/div><div class=\"fusion-layout-column fusion_builder_column fusion-builder-column-4 fusion_builder_column_1_2 1_2 fusion-one-half fusion-column-last fusion-column-inner-bg-wrapper\" style=\"--awb-inner-bg-size:cover;width:48%;\"><span class=\"fusion-column-inner-bg hover-type-none\"><a class=\"fusion-column-anchor\" href=\"http:\/\/southbeachlanguages.com\/english-test\/\"><span class=\"fusion-column-inner-bg-image\"><\/span><\/a><\/span><div class=\"fusion-column-wrapper fusion-flex-column-wrapper-legacy\"><div class=\"fusion-image-element fusion-image-align-center in-legacy-container\" style=\"text-align:center;--awb-caption-title-font-family:var(--h2_typography-font-family);--awb-caption-title-font-weight:var(--h2_typography-font-weight);--awb-caption-title-font-style:var(--h2_typography-font-style);--awb-caption-title-size:var(--h2_typography-font-size);--awb-caption-title-transform:var(--h2_typography-text-transform);--awb-caption-title-line-height:var(--h2_typography-line-height);--awb-caption-title-letter-spacing:var(--h2_typography-letter-spacing);\"><div class=\"imageframe-align-center\"><span class=\" fusion-imageframe imageframe-none imageframe-2 hover-type-none\"><a class=\"fusion-no-lightbox\" href=\"#\" target=\"_self\"><img decoding=\"async\" alt=\"Take Online English Test\" src=\"http:\/\/southbeachlanguages.com\/wp-content\/uploads\/2012\/07\/English-Test-150x150.png\" class=\"img-responsive\"\/><\/a><\/span><\/div><\/div><div class=\"fusion-title title fusion-title-5 fusion-sep-none fusion-title-center fusion-title-text fusion-title-size-three\" style=\"--awb-margin-top:20px;\"><h3 class=\"fusion-title-heading title-heading-center fusion-responsive-typography-calculated\" style=\"margin:0;--fontSize:26;--minFontSize:26;line-height:1.56;\">ENGLISH TEST<\/h3><\/div><div class=\"fusion-clearfix\"><\/div><\/div><\/div><\/div><\/div>\n\n<\/div><div class=\"fusion-clearfix\"><\/div><\/div><\/div><\/div><\/div><\/p>\n","protected":false},"excerpt":{"rendered":"","protected":false},"author":1,"featured_media":0,"parent":0,"menu_order":2,"comment_status":"closed","ping_status":"closed","template":"100-width.php","meta":{"footnotes":""},"class_list":["post-8698","page","type-page","status-publish","hentry"],"yoast_head":"<!-- This site is optimized with the Yoast SEO plugin v27.2 - https:\/\/yoast.com\/product\/yoast-seo-wordpress\/ -->\n<title>Perguntas Freq\u00fcentes - South Beach Languages<\/title>\n<meta name=\"robots\" content=\"index, follow, max-snippet:-1, max-image-preview:large, max-video-preview:-1\" \/>\n<link rel=\"canonical\" href=\"http:\/\/34.232.87.1:80\/pt-br\/visa-faqs\/\" \/>\n<meta property=\"og:locale\" content=\"pt_BR\" \/>\n<meta property=\"og:type\" content=\"article\" \/>\n<meta property=\"og:title\" content=\"Perguntas Freq\u00fcentes - South Beach Languages\" \/>\n<meta property=\"og:url\" content=\"http:\/\/34.232.87.1:80\/pt-br\/visa-faqs\/\" \/>\n<meta property=\"og:site_name\" content=\"South Beach Languages\" \/>\n<meta property=\"article:modified_time\" content=\"2022-11-03T01:37:12+00:00\" \/>\n<meta name=\"twitter:label1\" content=\"Est. tempo de leitura\" \/>\n\t<meta name=\"twitter:data1\" content=\"3 minutos\" \/>\n<script type=\"application\/ld+json\" class=\"yoast-schema-graph\">{\"@context\":\"https:\/\/schema.org\",\"@graph\":[{\"@type\":\"WebPage\",\"@id\":\"http:\/\/34.232.87.1:80\/pt-br\/visa-faqs\/\",\"url\":\"http:\/\/34.232.87.1:80\/pt-br\/visa-faqs\/\",\"name\":\"Perguntas Freq\u00fcentes - South Beach Languages\",\"isPartOf\":{\"@id\":\"https:\/\/southbeachlanguages.com\/ru\/#website\"},\"datePublished\":\"2016-09-16T14:51:40+00:00\",\"dateModified\":\"2022-11-03T01:37:12+00:00\",\"breadcrumb\":{\"@id\":\"http:\/\/34.232.87.1:80\/pt-br\/visa-faqs\/#breadcrumb\"},\"inLanguage\":\"pt-BR\",\"potentialAction\":[{\"@type\":\"ReadAction\",\"target\":[\"http:\/\/34.232.87.1:80\/pt-br\/visa-faqs\/\"]}]},{\"@type\":\"BreadcrumbList\",\"@id\":\"http:\/\/34.232.87.1:80\/pt-br\/visa-faqs\/#breadcrumb\",\"itemListElement\":[{\"@type\":\"ListItem\",\"position\":1,\"name\":\"Home\",\"item\":\"https:\/\/southbeachlanguages.com\/pt-br\/\"},{\"@type\":\"ListItem\",\"position\":2,\"name\":\"Perguntas Freq\u00fcentes\"}]},{\"@type\":\"WebSite\",\"@id\":\"https:\/\/southbeachlanguages.com\/ru\/#website\",\"url\":\"https:\/\/southbeachlanguages.com\/ru\/\",\"name\":\"South Beach Languages\",\"description\":\"Language Schools in Miami and Hollywood - Learn English\",\"potentialAction\":[{\"@type\":\"SearchAction\",\"target\":{\"@type\":\"EntryPoint\",\"urlTemplate\":\"https:\/\/southbeachlanguages.com\/ru\/?s={search_term_string}\"},\"query-input\":{\"@type\":\"PropertyValueSpecification\",\"valueRequired\":true,\"valueName\":\"search_term_string\"}}],\"inLanguage\":\"pt-BR\"}]}<\/script>\n<!-- \/ Yoast SEO plugin. -->","yoast_head_json":{"title":"Perguntas Freq\u00fcentes - South Beach Languages","robots":{"index":"index","follow":"follow","max-snippet":"max-snippet:-1","max-image-preview":"max-image-preview:large","max-video-preview":"max-video-preview:-1"},"canonical":"http:\/\/34.232.87.1:80\/pt-br\/visa-faqs\/","og_locale":"pt_BR","og_type":"article","og_title":"Perguntas Freq\u00fcentes - South Beach Languages","og_url":"http:\/\/34.232.87.1:80\/pt-br\/visa-faqs\/","og_site_name":"South Beach Languages","article_modified_time":"2022-11-03T01:37:12+00:00","twitter_misc":{"Est. tempo de leitura":"3 minutos"},"schema":{"@context":"https:\/\/schema.org","@graph":[{"@type":"WebPage","@id":"http:\/\/34.232.87.1:80\/pt-br\/visa-faqs\/","url":"http:\/\/34.232.87.1:80\/pt-br\/visa-faqs\/","name":"Perguntas Freq\u00fcentes - South Beach Languages","isPartOf":{"@id":"https:\/\/southbeachlanguages.com\/ru\/#website"},"datePublished":"2016-09-16T14:51:40+00:00","dateModified":"2022-11-03T01:37:12+00:00","breadcrumb":{"@id":"http:\/\/34.232.87.1:80\/pt-br\/visa-faqs\/#breadcrumb"},"inLanguage":"pt-BR","potentialAction":[{"@type":"ReadAction","target":["http:\/\/34.232.87.1:80\/pt-br\/visa-faqs\/"]}]},{"@type":"BreadcrumbList","@id":"http:\/\/34.232.87.1:80\/pt-br\/visa-faqs\/#breadcrumb","itemListElement":[{"@type":"ListItem","position":1,"name":"Home","item":"https:\/\/southbeachlanguages.com\/pt-br\/"},{"@type":"ListItem","position":2,"name":"Perguntas Freq\u00fcentes"}]},{"@type":"WebSite","@id":"https:\/\/southbeachlanguages.com\/ru\/#website","url":"https:\/\/southbeachlanguages.com\/ru\/","name":"South Beach Languages","description":"Language Schools in Miami and Hollywood - Learn English","potentialAction":[{"@type":"SearchAction","target":{"@type":"EntryPoint","urlTemplate":"https:\/\/southbeachlanguages.com\/ru\/?s={search_term_string}"},"query-input":{"@type":"PropertyValueSpecification","valueRequired":true,"valueName":"search_term_string"}}],"inLanguage":"pt-BR"}]}},"_links":{"self":[{"href":"https:\/\/sbl.edu\/pt-br\/wp-json\/wp\/v2\/pages\/8698","targetHints":{"allow":["GET"]}}],"collection":[{"href":"https:\/\/sbl.edu\/pt-br\/wp-json\/wp\/v2\/pages"}],"about":[{"href":"https:\/\/sbl.edu\/pt-br\/wp-json\/wp\/v2\/types\/page"}],"author":[{"embeddable":true,"href":"https:\/\/sbl.edu\/pt-br\/wp-json\/wp\/v2\/users\/1"}],"replies":[{"embeddable":true,"href":"https:\/\/sbl.edu\/pt-br\/wp-json\/wp\/v2\/comments?post=8698"}],"version-history":[{"count":1,"href":"https:\/\/sbl.edu\/pt-br\/wp-json\/wp\/v2\/pages\/8698\/revisions"}],"predecessor-version":[{"id":19309,"href":"https:\/\/sbl.edu\/pt-br\/wp-json\/wp\/v2\/pages\/8698\/revisions\/19309"}],"wp:attachment":[{"href":"https:\/\/sbl.edu\/pt-br\/wp-json\/wp\/v2\/media?parent=8698"}],"curies":[{"name":"wp","href":"https:\/\/api.w.org\/{rel}","templated":true}]}}